{"id":9871,"date":"2021-11-02T13:45:18","date_gmt":"2021-11-02T12:45:18","guid":{"rendered":"https:\/\/feuerwehr-vglambrecht.de\/cms\/?page_id=9871"},"modified":"2023-08-12T21:36:06","modified_gmt":"2023-08-12T19:36:06","slug":"beitragsordnung","status":"publish","type":"page","link":"https:\/\/feuerwehr-vglambrecht.de\/cms\/foerderverein\/lambrecht\/beitragsordnung\/","title":{"rendered":"Beitragsordnung F\u00f6rderverein Feuerwehr Lambrecht"},"content":{"rendered":"<p>Um dem Verein eine finanzielle Grundlage f\u00fcr seine T\u00e4tigkeit zu bieten, wird von jedem Mitglied ein Jahresbeitrag erhoben. Dieser ist in jedem Jahr zum 1. April f\u00e4llig. Idealerweise erteilt jedes Mitglied mit Eintritt in den Verein ein SEPA-Lastschriftmandat. Dies senkt in erheblichem Umfang die zeitliche Belastung unseres Kassenverwalters.<\/p>\n<p style=\"text-align: left;\">Es wird in der <u>Mitgliederversammlung vom 18.11.2021<\/u> folgende Beitragsordnung aktualisiert festgelegt:<\/p>\n<table border=\"0\" width=\"60%\" cellpadding=\"1\">\n<tbody>\n<tr>\n<td align=\"left\"><b>aktive Mitglieder\/Jugendfeuerwehr <span style=\"color: #0066cc;\"><sup>1<\/sup><\/span><\/b><\/td>\n<td style=\"text-align: left;\" align=\"center\"><b>10,- \u20ac<\/b><\/td>\n<\/tr>\n<tr>\n<td style=\"text-align: left;\" align=\"center\"><b>passive Mitglieder <span style=\"color: #0066cc;\"><sup>2<\/sup><\/span><\/b><\/td>\n<td style=\"text-align: left;\" align=\"center\"><b>20,- \u20ac<\/b><\/td>\n<\/tr>\n<tr>\n<td style=\"text-align: left;\" align=\"center\"><b>Familienmitgliedschaft <span style=\"color: #0066cc;\"><sup>3<\/sup><\/span><\/b><\/td>\n<td style=\"text-align: left;\" align=\"center\"><b>30,- \u20ac<\/b><\/td>\n<\/tr>\n<tr>\n<td style=\"text-align: left;\" align=\"center\"><b>freiwilliger Beitrag <span style=\"color: #0066cc;\"><sup>4<\/sup><\/span><\/b><\/td>\n<td style=\"text-align: left;\" align=\"center\"><b>___ \u20ac<\/b><\/td>\n<\/tr>\n<\/tbody>\n<\/table>\n<p>&nbsp;<\/p>\n<p><span style=\"color: #0066cc;\"><sup>1<\/sup><\/span>\u00a0\u00a0\u00a0\u00a0 Zu den aktiven Mitgliedern z\u00e4hlen alle, welche im aktiven Einsatzdienst der Feuerwehreinheit Lambrecht (Pfalz) in der Verbandsgemeinde Lambrecht (Pfalz) verpflichtet sind. Ebenso z\u00e4hlen alle angemeldeten Kinder und Jugendliche der Jugendfeuerwehr Lambrecht in der Feuerwehreinheit Lambrecht (Pfalz) hierzu.<\/p>\n<p><span style=\"color: #0066cc;\"><sup>2<\/sup><\/span> \u00a0\u00a0\u00a0 Zu den passiven Mitgliedern z\u00e4hlen alle, welche nicht oder nicht mehr dem aktiven Einsatzdienst der Feuerwehreinheit Lambrecht (Pfalz) in der Verbandsgemeinde Lambrecht (Pfalz) angeh\u00f6ren. Mit dem Ausscheiden aus dem aktiven Einsatzdienst durch Erreichen der jeweils geltenden Altersgrenze erfolgt eine automatische Konvertierung der Mitgliedschaft vom Status aktiv in passiv mit Anpassung des j\u00e4hrlichen Mitgliedsbeitrages zum 1. Januar des folgenden Kalenderjahres.<\/p>\n<p><span style=\"color: #0066cc;\"><sup>3<\/sup><\/span>\u00a0\u00a0\u00a0\u00a0 Eine Familienmitgliedschaft beinhaltet bis zu zwei erwachsenen Elternteilen, sowie alle eigenen Kinder bis zum vollendeten 18. Lebensjahr.<br \/>\nDie Elternteile k\u00f6nnen beide sowohl aktiv im Einsatzdienst der Feuerwehreinheit Lambrecht (Pfalz) in der Verbandsgemeinde Lambrecht (Pfalz) verpflichtet sein als auch passiv oder heterogen.<br \/>\nDie eigenen Kinder k\u00f6nnen gemischt der Jugendfeuerwehr Lambrecht in der Feuerwehreinheit Lambrecht (Pfalz) angeh\u00f6ren. Beim Erreichen des 18. Lebensjahr endet die Familienmitgliedschaft des Kindes automatisch zum Ende des Kalenderjahres. Eine weiterf\u00fchrende Mitgliedschaft ist dann entsprechend Punkt 1 oder 2 m\u00f6glich. Hierzu muss ein Aktualisierungsantrag gestellt werden.<\/p>\n<p><span style=\"color: #0066cc;\"><sup>4<\/sup><\/span>\u00a0\u00a0\u00a0\u00a0 Einen freiwilligen Beitrag k\u00f6nnen alle Mitglieder w\u00e4hlen. Hierbei ist es unerheblich, ob Sie grunds\u00e4tzlich zu den aktiven Mitgliedern nach Punkt 1 oder zu den passiven Mitgliedern nach Punkt 2 oder als Familienmitglieder nach Punkt 3 gef\u00fchrt werden. Der freiwillige Beitrag ist gr\u00f6\u00dfer dem festgesetzten Mitgliedsbeitrag nach ihrer Erfassung zu w\u00e4hlen. Eine Unterschreitung ist nicht zul\u00e4ssig.<\/p>\n","protected":false},"excerpt":{"rendered":"<p>Um dem Verein eine finanzielle Grundlage f\u00fcr seine T\u00e4tigkeit zu bieten, wird von jedem Mitglied ein Jahresbeitrag erhoben. Dieser ist in jedem Jahr zum 1. April f\u00e4llig. Idealerweise erteilt jedes Mitglied mit Eintritt in den Verein ein SEPA-Lastschriftmandat. Dies senkt in erheblichem Umfang die zeitliche Belastung unseres Kassenverwalters. Es wird in der Mitgliederversammlung vom 18.11.2021 folgende Beitragsordnung aktualisiert festgelegt: aktive Mitglieder\/Jugendfeuerwehr 1 10,- \u20ac passive Mitglieder 2 20,- \u20ac Familienmitgliedschaft 3 30,- \u20ac freiwilliger Beitrag 4 ___ \u20ac &nbsp; 1\u00a0\u00a0\u00a0\u00a0 Zu den aktiven Mitgliedern z\u00e4hlen alle, welche im aktiven Einsatzdienst der Feuerwehreinheit Lambrecht (Pfalz) in der Verbandsgemeinde Lambrecht (Pfalz) verpflichtet sind. Ebenso z\u00e4hlen alle angemeldeten Kinder und Jugendliche der Jugendfeuerwehr Lambrecht in der Feuerwehreinheit Lambrecht (Pfalz) hierzu. 2 \u00a0\u00a0\u00a0 Zu den passiven Mitgliedern z\u00e4hlen alle, welche nicht oder nicht mehr dem aktiven Einsatzdienst der Feuerwehreinheit Lambrecht (Pfalz) in der Verbandsgemeinde Lambrecht (Pfalz) angeh\u00f6ren. Mit dem Ausscheiden aus dem aktiven Einsatzdienst&hellip;<\/p>\n","protected":false},"author":18,"featured_media":0,"parent":1735,"menu_order":0,"comment_status":"closed","ping_status":"closed","template":"","meta":{"footnotes":""},"class_list":["post-9871","page","type-page","status-publish","hentry"],"better_featured_image":null,"_links":{"self":[{"href":"https:\/\/feuerwehr-vglambrecht.de\/cms\/wp-json\/wp\/v2\/pages\/9871","targetHints":{"allow":["GET"]}}],"collection":[{"href":"https:\/\/feuerwehr-vglambrecht.de\/cms\/wp-json\/wp\/v2\/pages"}],"about":[{"href":"https:\/\/feuerwehr-vglambrecht.de\/cms\/wp-json\/wp\/v2\/types\/page"}],"author":[{"embeddable":true,"href":"https:\/\/feuerwehr-vglambrecht.de\/cms\/wp-json\/wp\/v2\/users\/18"}],"replies":[{"embeddable":true,"href":"https:\/\/feuerwehr-vglambrecht.de\/cms\/wp-json\/wp\/v2\/comments?post=9871"}],"version-history":[{"count":10,"href":"https:\/\/feuerwehr-vglambrecht.de\/cms\/wp-json\/wp\/v2\/pages\/9871\/revisions"}],"predecessor-version":[{"id":11860,"href":"https:\/\/feuerwehr-vglambrecht.de\/cms\/wp-json\/wp\/v2\/pages\/9871\/revisions\/11860"}],"up":[{"embeddable":true,"href":"https:\/\/feuerwehr-vglambrecht.de\/cms\/wp-json\/wp\/v2\/pages\/1735"}],"wp:attachment":[{"href":"https:\/\/feuerwehr-vglambrecht.de\/cms\/wp-json\/wp\/v2\/media?parent=9871"}],"curies":[{"name":"wp","href":"https:\/\/api.w.org\/{rel}","templated":true}]}}