{"id":980,"date":"2015-11-25T11:48:55","date_gmt":"2015-11-25T11:48:55","guid":{"rendered":"http:\/\/site.migoweb.de\/?page_id=980"},"modified":"2016-01-17T13:38:08","modified_gmt":"2016-01-17T12:38:08","slug":"ueber-uns","status":"publish","type":"page","link":"https:\/\/feuerwehr-vglambrecht.de\/cms\/einheiten\/elmstein\/ueber-uns\/","title":{"rendered":"\u00dcber uns"},"content":{"rendered":"<p style=\"text-align: justify;\">Elmstein liegt im Herzen des Pf\u00e4lzer Waldes zwischen Neustadt a. d. Weinstra\u00dfe und Kaiserslautern\u00a0 (Verbandsgemeinde Lambrecht) und z\u00e4hlt zur Zeit ca. 3000 Einwohner. Die Freiwillige Feuerwehr Elmstein wurde im Jahre 1881 gegr\u00fcndet und besteht aus 26 Einsatzkr\u00e4ften, die alle ehrenamtlich t\u00e4tig sind.<\/p>\n<p style=\"text-align: justify;\">Die Feuerwehr Elmstein wird durch die Leitstelle der Berufsfeuerwehr Ludwigshafen und teilweise auch durch die Funkeinsatzzentrale der Verbandsgemeinde Lambrecht \u00fcber Funkmeldeempf\u00e4nger, welche jeder Feuerwehrangeh\u00f6rige bei sich tr\u00e4gt, alarmiert. Zu bew\u00e4ltigen sind pro Jahr etwa\u00a0 30-50 Eins\u00e4tze. Darunter Br\u00e4nde, technische Hilfeleistungen, Brandsicherheitswachen und sonstige Eins\u00e4tze wie z. B. Personensuchen oder Verkehrssicherungen.<\/p>\n<p style=\"text-align: justify;\">Zusammen mit der Feuerwehr Iggelbach bildet die Feuerwehr Elmstein den Feuerwehr-Ausr\u00fcckebereich-S\u00fcd\/West der Verbandsgemeinde Lambrecht mit den Ortsteilen Iggelbach, Elmstein-Appenthal, Harzofen, Helmbach, Oppauersiedlung, M\u00fcckenwiese, Speyerbrunn, Erlenbach,Schwarzbach, Hornesselswiese und Stilles Tal und den im Ausr\u00fcckebereich verlaufenden Stra\u00dfen und Bahnlinien ( B48, L499, L504, K17, K18, K19, K20, K21, K51, Museumsbahnlinie Neustadt-Elmstein). Sonderobjekte im Ausr\u00fcckebereich ist z.B. die Radarstation oberhalb von Iggelbach in Richtung B48 Johanniskreuz (das Objekt verf\u00fcgt \u00fcber eine automatische Brandmeldeanlage), das Naturfreundehaus auf dem Harzofen das derzeit \u00fcber ca. 120 Schlafpl\u00e4tze verf\u00fcgt. In n\u00f6rdlicher Richtung Schwarzsohl, geh\u00f6rt auch das Nibelungenheim, das ganzj\u00e4hrig bewohnt ist zum Ausr\u00fcckebreich der Feuerwehr Elmstein. Ab Alarmierungen der Stufe 2 r\u00fcckt zus\u00e4tzlich die Feuerwehr Lambrecht in den Ausr\u00fcckebereich S\u00fcd\/West aus. Um die Tagesalarmsicherheit bei Brandeins\u00e4tzen in Esthal sicherzustellen, r\u00fcckt die Feuerwehr Elmstein zwischen 06:00 Uhr und 18:00 Uhr ab Alarmierungen der Stufe 3 in Esthal ebenfalls aus.<\/p>\n<p style=\"text-align: justify;\">Um diese Aufgaben bew\u00e4ltigen zu k\u00f6nnen ist ein hohes Ausbildungsniveau Voraussetzung.\u00a0Zus\u00e4tzlich zur Feuerwehrgrundausbildung und der st\u00e4ndigen Aus- und Weiterbildung innerhalb der Ortswehr werden Feuerwehrlehrg\u00e4nge auf Kreisebene durchgef\u00fchrt wie z. B. : Ausbildung zum Maschinisten f\u00fcr L\u00f6schfahrzeuge, Technische Unfallhilfe, Atemschutzger\u00e4tetr\u00e4ger, Motors\u00e4genf\u00fchrer, Truppf\u00fchrer oder Sprechfunktechnik. Weiterf\u00fchrende- oder spezielle Lehrg\u00e4nge wie z. B. Gruppenf\u00fchrer, Zugf\u00fchrer oder Ger\u00e4tewart werden als meist 2-w\u00f6chige Kurse an der Feuerwehr- und Katastrophenschutzschule des Landes Rheinland-Pfalz in Koblenz absolviert.<\/p>\n<p style=\"text-align: justify;\">Wir sind f\u00fcr Sie da, Tag und Nacht \u2013 24 Stunden<\/p>\n<p>&nbsp;<\/p>\n","protected":false},"excerpt":{"rendered":"<p>Elmstein liegt im Herzen des Pf\u00e4lzer Waldes zwischen Neustadt a. d. Weinstra\u00dfe und Kaiserslautern\u00a0 (Verbandsgemeinde Lambrecht) und z\u00e4hlt zur Zeit ca. 3000 Einwohner. Die Freiwillige Feuerwehr Elmstein wurde im Jahre 1881 gegr\u00fcndet und besteht aus 26 Einsatzkr\u00e4ften, die alle ehrenamtlich t\u00e4tig sind. Die Feuerwehr Elmstein wird durch die Leitstelle der Berufsfeuerwehr Ludwigshafen und teilweise auch durch die Funkeinsatzzentrale der Verbandsgemeinde Lambrecht \u00fcber Funkmeldeempf\u00e4nger, welche jeder Feuerwehrangeh\u00f6rige bei sich tr\u00e4gt, alarmiert. Zu bew\u00e4ltigen sind pro Jahr etwa\u00a0 30-50 Eins\u00e4tze. Darunter Br\u00e4nde, technische Hilfeleistungen, Brandsicherheitswachen und sonstige Eins\u00e4tze wie z. B. Personensuchen oder Verkehrssicherungen. Zusammen mit der Feuerwehr Iggelbach bildet die Feuerwehr Elmstein den Feuerwehr-Ausr\u00fcckebereich-S\u00fcd\/West der Verbandsgemeinde Lambrecht mit den Ortsteilen Iggelbach, Elmstein-Appenthal, Harzofen, Helmbach, Oppauersiedlung, M\u00fcckenwiese, Speyerbrunn, Erlenbach,Schwarzbach, Hornesselswiese und Stilles Tal und den im Ausr\u00fcckebereich verlaufenden Stra\u00dfen und Bahnlinien ( B48, L499, L504, K17, K18, K19, K20, K21, K51, Museumsbahnlinie Neustadt-Elmstein). Sonderobjekte im Ausr\u00fcckebereich ist z.B. die Radarstation oberhalb von&hellip;<\/p>\n","protected":false},"author":2,"featured_media":0,"parent":929,"menu_order":4,"comment_status":"open","ping_status":"open","template":"","meta":{"footnotes":""},"class_list":["post-980","page","type-page","status-publish","hentry"],"better_featured_image":null,"_links":{"self":[{"href":"https:\/\/feuerwehr-vglambrecht.de\/cms\/wp-json\/wp\/v2\/pages\/980","targetHints":{"allow":["GET"]}}],"collection":[{"href":"https:\/\/feuerwehr-vglambrecht.de\/cms\/wp-json\/wp\/v2\/pages"}],"about":[{"href":"https:\/\/feuerwehr-vglambrecht.de\/cms\/wp-json\/wp\/v2\/types\/page"}],"author":[{"embeddable":true,"href":"https:\/\/feuerwehr-vglambrecht.de\/cms\/wp-json\/wp\/v2\/users\/2"}],"replies":[{"embeddable":true,"href":"https:\/\/feuerwehr-vglambrecht.de\/cms\/wp-json\/wp\/v2\/comments?post=980"}],"version-history":[{"count":24,"href":"https:\/\/feuerwehr-vglambrecht.de\/cms\/wp-json\/wp\/v2\/pages\/980\/revisions"}],"predecessor-version":[{"id":2107,"href":"https:\/\/feuerwehr-vglambrecht.de\/cms\/wp-json\/wp\/v2\/pages\/980\/revisions\/2107"}],"up":[{"embeddable":true,"href":"https:\/\/feuerwehr-vglambrecht.de\/cms\/wp-json\/wp\/v2\/pages\/929"}],"wp:attachment":[{"href":"https:\/\/feuerwehr-vglambrecht.de\/cms\/wp-json\/wp\/v2\/media?parent=980"}],"curies":[{"name":"wp","href":"https:\/\/api.w.org\/{rel}","templated":true}]}}