{"id":964,"date":"2015-11-25T11:40:48","date_gmt":"2015-11-25T11:40:48","guid":{"rendered":"http:\/\/site.migoweb.de\/?page_id=964"},"modified":"2025-01-15T11:58:09","modified_gmt":"2025-01-15T10:58:09","slug":"iggelbach-2","status":"publish","type":"page","link":"https:\/\/feuerwehr-vglambrecht.de\/cms\/iggelbach-2\/","title":{"rendered":"Iggelbach"},"content":{"rendered":"<h3 style=\"text-align: center;\"><span style=\"text-decoration: underline;\">Herzlich Willkommen bei der Einheit\u00a0Iggelbach<\/span><\/h3>\n<p style=\"text-align: center;\">\n<a href=\"https:\/\/feuerwehr-vglambrecht.de\/cms\/wp-content\/gallery\/ghaus-iggelbach\/01_img_2959.jpg\" title=\"\" class=\"shutterset_singlepic903\" >\n\t<img decoding=\"async\" class=\"ngg-singlepic\" src=\"https:\/\/feuerwehr-vglambrecht.de\/cms\/wp-content\/gallery\/cache\/903__450x350_01_img_2959.jpg\" alt=\"01_img_2959\" title=\"01_img_2959\" \/>\n<\/a>\n<\/p>\n<p style=\"text-align: center;\"><span style=\"text-decoration: underline;\"><strong>Kontakt:<\/strong><\/span><\/p>\n<p>&nbsp;<\/p>\n<p style=\"text-align: center;\">Wehrf\u00fchrer: Friedrich Saib<\/p>\n<p style=\"text-align: center;\">stellv. Wehrf\u00fchrer: Jonas Repp<\/p>\n<p style=\"text-align: center;\">\u00dcbungstag: Mittwoch 19 Uhr<\/p>\n<p style=\"text-align: center;\">Ger\u00e4tehaus: Dorfstr. 56, 67471 Iggelbach<\/p>\n<p style=\"text-align: center;\">Kontakt: fuehrung_iggelbach@feuerwehr-vglambrecht.de<\/p>\n","protected":false},"excerpt":{"rendered":"<p>Herzlich Willkommen bei der Einheit\u00a0Iggelbach Kontakt: &nbsp; Wehrf\u00fchrer: Friedrich Saib stellv. Wehrf\u00fchrer: Jonas Repp \u00dcbungstag: Mittwoch 19 Uhr Ger\u00e4tehaus: Dorfstr. 56, 67471 Iggelbach Kontakt: fuehrung_iggelbach@feuerwehr-vglambrecht.de<\/p>\n","protected":false},"author":2,"featured_media":0,"parent":0,"menu_order":4,"comment_status":"open","ping_status":"open","template":"","meta":{"footnotes":""},"class_list":["post-964","page","type-page","status-publish","hentry"],"better_featured_image":null,"_links":{"self":[{"href":"https:\/\/feuerwehr-vglambrecht.de\/cms\/wp-json\/wp\/v2\/pages\/964","targetHints":{"allow":["GET"]}}],"collection":[{"href":"https:\/\/feuerwehr-vglambrecht.de\/cms\/wp-json\/wp\/v2\/pages"}],"about":[{"href":"https:\/\/feuerwehr-vglambrecht.de\/cms\/wp-json\/wp\/v2\/types\/page"}],"author":[{"embeddable":true,"href":"https:\/\/feuerwehr-vglambrecht.de\/cms\/wp-json\/wp\/v2\/users\/2"}],"replies":[{"embeddable":true,"href":"https:\/\/feuerwehr-vglambrecht.de\/cms\/wp-json\/wp\/v2\/comments?post=964"}],"version-history":[{"count":13,"href":"https:\/\/feuerwehr-vglambrecht.de\/cms\/wp-json\/wp\/v2\/pages\/964\/revisions"}],"predecessor-version":[{"id":13486,"href":"https:\/\/feuerwehr-vglambrecht.de\/cms\/wp-json\/wp\/v2\/pages\/964\/revisions\/13486"}],"wp:attachment":[{"href":"https:\/\/feuerwehr-vglambrecht.de\/cms\/wp-json\/wp\/v2\/media?parent=964"}],"curies":[{"name":"wp","href":"https:\/\/api.w.org\/{rel}","templated":true}]}}