{"id":962,"date":"2015-11-25T11:39:04","date_gmt":"2015-11-25T11:39:04","guid":{"rendered":"http:\/\/site.migoweb.de\/?page_id=962"},"modified":"2024-01-20T16:31:52","modified_gmt":"2024-01-20T15:31:52","slug":"weidenthal","status":"publish","type":"page","link":"https:\/\/feuerwehr-vglambrecht.de\/cms\/weidenthal\/","title":{"rendered":"Weidenthal"},"content":{"rendered":"<p>&nbsp;<\/p>\n<h3 style=\"text-align: center;\"><span style=\"text-decoration: underline;\">Herzlich Willkommen bei der Einheit\u00a0Weidenthal<\/span><\/h3>\n<p>&nbsp;<\/p>\n\n<a href=\"https:\/\/feuerwehr-vglambrecht.de\/cms\/wp-content\/gallery\/geraetehaus-weidenthal\/geracc88tehaus.jpg\" title=\"\" class=\"shutterset_singlepic480\" >\n\t<img decoding=\"async\" class=\"ngg-singlepic\" src=\"https:\/\/feuerwehr-vglambrecht.de\/cms\/wp-content\/gallery\/cache\/480__650x450_geracc88tehaus.jpg\" alt=\"geracc88tehaus\" title=\"geracc88tehaus\" \/>\n<\/a>\n\n<p>&nbsp;<\/p>\n<p style=\"text-align: center;\"><span style=\"text-decoration: underline;\"><strong>Kontakt:<\/strong><\/span><\/p>\n<p>&nbsp;<\/p>\n<p style=\"text-align: center;\">Wehrf\u00fchrer: Andr\u00e9 Jacob<\/p>\n<p style=\"text-align: center;\">stellv. Wehrf\u00fchrer: Carsten Ledig<\/p>\n<p style=\"text-align: center;\">\u00dcbungstag: Montags, 19.00 Uhr<\/p>\n<p style=\"text-align: center;\">Ger\u00e4tehaus: Langentalstr. 11, 67475 Weidenthal<\/p>\n<p style=\"text-align: center;\">Kontakt: fuehrung_weidenthal(at)feuerwehr-vglambrecht.de<\/p>\n","protected":false},"excerpt":{"rendered":"<p>&nbsp; Herzlich Willkommen bei der Einheit\u00a0Weidenthal &nbsp; &nbsp; Kontakt: &nbsp; Wehrf\u00fchrer: Andr\u00e9 Jacob stellv. Wehrf\u00fchrer: Carsten Ledig \u00dcbungstag: Montags, 19.00 Uhr Ger\u00e4tehaus: Langentalstr. 11, 67475 Weidenthal Kontakt: fuehrung_weidenthal(at)feuerwehr-vglambrecht.de<\/p>\n","protected":false},"author":2,"featured_media":0,"parent":0,"menu_order":8,"comment_status":"open","ping_status":"open","template":"","meta":{"footnotes":""},"class_list":["post-962","page","type-page","status-publish","hentry"],"better_featured_image":null,"_links":{"self":[{"href":"https:\/\/feuerwehr-vglambrecht.de\/cms\/wp-json\/wp\/v2\/pages\/962","targetHints":{"allow":["GET"]}}],"collection":[{"href":"https:\/\/feuerwehr-vglambrecht.de\/cms\/wp-json\/wp\/v2\/pages"}],"about":[{"href":"https:\/\/feuerwehr-vglambrecht.de\/cms\/wp-json\/wp\/v2\/types\/page"}],"author":[{"embeddable":true,"href":"https:\/\/feuerwehr-vglambrecht.de\/cms\/wp-json\/wp\/v2\/users\/2"}],"replies":[{"embeddable":true,"href":"https:\/\/feuerwehr-vglambrecht.de\/cms\/wp-json\/wp\/v2\/comments?post=962"}],"version-history":[{"count":19,"href":"https:\/\/feuerwehr-vglambrecht.de\/cms\/wp-json\/wp\/v2\/pages\/962\/revisions"}],"predecessor-version":[{"id":12221,"href":"https:\/\/feuerwehr-vglambrecht.de\/cms\/wp-json\/wp\/v2\/pages\/962\/revisions\/12221"}],"wp:attachment":[{"href":"https:\/\/feuerwehr-vglambrecht.de\/cms\/wp-json\/wp\/v2\/media?parent=962"}],"curies":[{"name":"wp","href":"https:\/\/api.w.org\/{rel}","templated":true}]}}