{"id":936,"date":"2015-11-23T21:28:04","date_gmt":"2015-11-23T21:28:04","guid":{"rendered":"http:\/\/site.migoweb.de\/?page_id=936"},"modified":"2022-09-14T17:37:44","modified_gmt":"2022-09-14T15:37:44","slug":"lambrecht","status":"publish","type":"page","link":"https:\/\/feuerwehr-vglambrecht.de\/cms\/einheiten\/lambrecht\/","title":{"rendered":"Lambrecht"},"content":{"rendered":"<h3><\/h3>\n<h3 style=\"text-align: center;\"><span style=\"text-decoration: underline;\">Herzlich Willkommen bei der Einheit Lambrecht<\/span><\/h3>\n<p>&nbsp;<\/p>\n<p style=\"text-align: center;\"><img loading=\"lazy\" decoding=\"async\" class=\" wp-image-9486 aligncenter\" src=\"https:\/\/feuerwehr-vglambrecht.de\/cms\/wp-content\/uploads\/2021\/05\/Fahrzeuge-1-300x108.jpg\" alt=\"\" width=\"667\" height=\"240\" srcset=\"https:\/\/feuerwehr-vglambrecht.de\/cms\/wp-content\/uploads\/2021\/05\/Fahrzeuge-1-300x108.jpg 300w, https:\/\/feuerwehr-vglambrecht.de\/cms\/wp-content\/uploads\/2021\/05\/Fahrzeuge-1-768x276.jpg 768w, https:\/\/feuerwehr-vglambrecht.de\/cms\/wp-content\/uploads\/2021\/05\/Fahrzeuge-1-1536x551.jpg 1536w, https:\/\/feuerwehr-vglambrecht.de\/cms\/wp-content\/uploads\/2021\/05\/Fahrzeuge-1-2048x735.jpg 2048w, https:\/\/feuerwehr-vglambrecht.de\/cms\/wp-content\/uploads\/2021\/05\/Fahrzeuge-1-900x323.jpg 900w, https:\/\/feuerwehr-vglambrecht.de\/cms\/wp-content\/uploads\/2021\/05\/Fahrzeuge-1-1024x368.jpg 1024w\" sizes=\"auto, (max-width: 667px) 100vw, 667px\" \/><\/p>\n<p>&nbsp;<\/p>\n<p style=\"text-align: center;\"><span style=\"text-decoration: underline;\"><strong>Kontakt:<\/strong><\/span><\/p>\n<p>&nbsp;<\/p>\n<p style=\"text-align: center;\">Wehrf\u00fchrer: Markus M\u00fcller<\/p>\n<p style=\"text-align: center;\">stellv. Wehrf\u00fchrer: Florian Liedy<\/p>\n<p style=\"text-align: center;\">\u00dcbungstag: Dienstag\u00a019 Uhr<\/p>\n<p style=\"text-align: center;\">Ger\u00e4tehaus: Hauptra\u00dfe 103a, 67466 Lambrecht (Pfalz)<\/p>\n<p style=\"text-align: center;\">Kontakt: fuehrung_lambrecht(at)feuerwehr-vglambrecht.de<\/p>\n","protected":false},"excerpt":{"rendered":"<p>Herzlich Willkommen bei der Einheit Lambrecht &nbsp; &nbsp; Kontakt: &nbsp; Wehrf\u00fchrer: Markus M\u00fcller stellv. Wehrf\u00fchrer: Florian Liedy \u00dcbungstag: Dienstag\u00a019 Uhr Ger\u00e4tehaus: Hauptra\u00dfe 103a, 67466 Lambrecht (Pfalz) Kontakt: fuehrung_lambrecht(at)feuerwehr-vglambrecht.de<\/p>\n","protected":false},"author":1,"featured_media":0,"parent":909,"menu_order":5,"comment_status":"open","ping_status":"open","template":"","meta":{"footnotes":""},"class_list":["post-936","page","type-page","status-publish","hentry"],"better_featured_image":null,"_links":{"self":[{"href":"https:\/\/feuerwehr-vglambrecht.de\/cms\/wp-json\/wp\/v2\/pages\/936","targetHints":{"allow":["GET"]}}],"collection":[{"href":"https:\/\/feuerwehr-vglambrecht.de\/cms\/wp-json\/wp\/v2\/pages"}],"about":[{"href":"https:\/\/feuerwehr-vglambrecht.de\/cms\/wp-json\/wp\/v2\/types\/page"}],"author":[{"embeddable":true,"href":"https:\/\/feuerwehr-vglambrecht.de\/cms\/wp-json\/wp\/v2\/users\/1"}],"replies":[{"embeddable":true,"href":"https:\/\/feuerwehr-vglambrecht.de\/cms\/wp-json\/wp\/v2\/comments?post=936"}],"version-history":[{"count":23,"href":"https:\/\/feuerwehr-vglambrecht.de\/cms\/wp-json\/wp\/v2\/pages\/936\/revisions"}],"predecessor-version":[{"id":10850,"href":"https:\/\/feuerwehr-vglambrecht.de\/cms\/wp-json\/wp\/v2\/pages\/936\/revisions\/10850"}],"up":[{"embeddable":true,"href":"https:\/\/feuerwehr-vglambrecht.de\/cms\/wp-json\/wp\/v2\/pages\/909"}],"wp:attachment":[{"href":"https:\/\/feuerwehr-vglambrecht.de\/cms\/wp-json\/wp\/v2\/media?parent=936"}],"curies":[{"name":"wp","href":"https:\/\/api.w.org\/{rel}","templated":true}]}}