{"id":7638,"date":"2019-05-23T10:35:45","date_gmt":"2019-05-23T08:35:45","guid":{"rendered":"https:\/\/feuerwehr-vglambrecht.de\/cms\/?page_id=7638"},"modified":"2019-05-23T12:14:11","modified_gmt":"2019-05-23T10:14:11","slug":"ueber-uns","status":"publish","type":"page","link":"https:\/\/feuerwehr-vglambrecht.de\/cms\/einheiten\/first-responder\/ueber-uns\/","title":{"rendered":"\u00dcber uns"},"content":{"rendered":"<p><strong>Warum eine First Responder Einheit?<\/strong><\/p>\n<p>Die medizinische Erstversorgung in den l\u00e4ndlichen Regionen stellt ein immer gr\u00f6\u00dferes Problem dar. Grund daf\u00fcr sind die weiten Distanzen zwischen den Rettungswachen und den einzelnen Ortschaften innerhalb der Regionen. Laut Statistik treffen die ersten Rettungsmittel meist erst nach 15 Minuten am Einsatzort ein.<\/p>\n<p>Die Gemeinde Elmstein ist eine kleine Ortsgemeinschaft mitten im Herzen des Pf\u00e4lzerwaldes. Diese umfasst 10 Ortsteile mit insgesamt 3000 Einwohnern. Die n\u00e4chste Rettungswache des DRK Vorderpfalz, befindet sich im 14 km entfernten Lambrecht. Steht dieser Rettungswagen zum Zeitpunkt eines medizinischen Notfalls nicht zur Verf\u00fcgung, wird automatisch die n\u00e4chst entfernte Rettungswache durch die Leitstelle alarmiert. Bei der Gemeinde Elmstein handelt es sich hierbei meist um die Rettungswachen in Neustadt an der Weinstra\u00dfe oder Hochspeyer. Hier liegen die Entfernungen schon bei ca. 20-25km. F\u00fcr eine solche Distanz ben\u00f6tigt der Rettungsdienst je nach Verkehrslage und Wetterverh\u00e4ltnissen ca. 20-30 Minuten. Somit ist das Einhalten der Hilfsfrist von 15 Minuten f\u00fcr den Rettungsdienst nichtmehr realisierbar.<\/p>\n<p>Die First Responder Einheit der Gemeinde Elmstein, wurde aufgrund dieser Erkenntnisse sowie pers\u00f6nlichen Erfahrungen in der Vergangenheit gegr\u00fcndet. Im Falle eines medizinischen Notfalls soll hiermit eine optimale Patientenerstversorgung sowie das Einleiten von lebenserhaltenden Sofortma\u00dfnahmen bis zum Eintreffen des Rettungsdienstes an der Einsatzstelle sichergestellt werden.<\/p>\n<p>Ziel der Einheit<\/p>\n<p>Durch den Einsatz einer First Responder Einheit in der Gemeinde Elmstein, soll die notfallmedizinische Versorgung der Mitb\u00fcrger in dieser Region verbessert werden. Die qualifizierte medizinische Erstversorgung und Betreuung von Verletzten ab der Alarmierung bis zum Eintreffen des Rettungsdienstes soll somit sichergestellt werden.<\/p>\n<p>Aufgaben der First Responder<\/p>\n<ul>\n<li>\u00dcbernahme der notfallmedizinischen Erstversorgung von verletzten oder erkrankten Personen, um das therapiefreie Intervall zu verk\u00fcrzen.<\/li>\n<li>Unterst\u00fctzung des Rettungsdienstes nach dem Eintreffen am Einsatzort<\/li>\n<li>Psychologische Betreuung von Betroffenen und deren Angeh\u00f6riger<\/li>\n<\/ul>\n<p>Wie finanziert sich die Einheit?<\/p>\n<p>Da es sich bei der First-Responder Einheit um eine ehrenamtliche Hilfsorganisation handelt die den Feuerwehren Elmstein und Iggelbach angegliedert ist, erfolgt die Finanzierung haupts\u00e4chlich \u00fcber Spendengelder.<\/p>\n<p>M\u00f6chten auch sie unsere Arbeit unterst\u00fctzen? Dann spenden Sie an: F\u00f6rderverein FFW Iggelbach<\/p>\n<p>IBAN DE 51 5479 0000 0013 1062 07<\/p>\n<p>Verwendungszweck: Spende First Responder Einheit<\/p>\n","protected":false},"excerpt":{"rendered":"<p>Warum eine First Responder Einheit? Die medizinische Erstversorgung in den l\u00e4ndlichen Regionen stellt ein immer gr\u00f6\u00dferes Problem dar. Grund daf\u00fcr sind die weiten Distanzen zwischen den Rettungswachen und den einzelnen Ortschaften innerhalb der Regionen. Laut Statistik treffen die ersten Rettungsmittel meist erst nach 15 Minuten am Einsatzort ein. Die Gemeinde Elmstein ist eine kleine Ortsgemeinschaft mitten im Herzen des Pf\u00e4lzerwaldes. Diese umfasst 10 Ortsteile mit insgesamt 3000 Einwohnern. Die n\u00e4chste Rettungswache des DRK Vorderpfalz, befindet sich im 14 km entfernten Lambrecht. Steht dieser Rettungswagen zum Zeitpunkt eines medizinischen Notfalls nicht zur Verf\u00fcgung, wird automatisch die n\u00e4chst entfernte Rettungswache durch die Leitstelle alarmiert. Bei der Gemeinde Elmstein handelt es sich hierbei meist um die Rettungswachen in Neustadt an der Weinstra\u00dfe oder Hochspeyer. Hier liegen die Entfernungen schon bei ca. 20-25km. F\u00fcr eine solche Distanz ben\u00f6tigt der Rettungsdienst je nach Verkehrslage und Wetterverh\u00e4ltnissen ca. 20-30 Minuten. Somit ist das Einhalten der Hilfsfrist&hellip;<\/p>\n","protected":false},"author":2,"featured_media":0,"parent":7624,"menu_order":4,"comment_status":"closed","ping_status":"closed","template":"","meta":{"footnotes":""},"class_list":["post-7638","page","type-page","status-publish","hentry"],"better_featured_image":null,"_links":{"self":[{"href":"https:\/\/feuerwehr-vglambrecht.de\/cms\/wp-json\/wp\/v2\/pages\/7638","targetHints":{"allow":["GET"]}}],"collection":[{"href":"https:\/\/feuerwehr-vglambrecht.de\/cms\/wp-json\/wp\/v2\/pages"}],"about":[{"href":"https:\/\/feuerwehr-vglambrecht.de\/cms\/wp-json\/wp\/v2\/types\/page"}],"author":[{"embeddable":true,"href":"https:\/\/feuerwehr-vglambrecht.de\/cms\/wp-json\/wp\/v2\/users\/2"}],"replies":[{"embeddable":true,"href":"https:\/\/feuerwehr-vglambrecht.de\/cms\/wp-json\/wp\/v2\/comments?post=7638"}],"version-history":[{"count":2,"href":"https:\/\/feuerwehr-vglambrecht.de\/cms\/wp-json\/wp\/v2\/pages\/7638\/revisions"}],"predecessor-version":[{"id":7648,"href":"https:\/\/feuerwehr-vglambrecht.de\/cms\/wp-json\/wp\/v2\/pages\/7638\/revisions\/7648"}],"up":[{"embeddable":true,"href":"https:\/\/feuerwehr-vglambrecht.de\/cms\/wp-json\/wp\/v2\/pages\/7624"}],"wp:attachment":[{"href":"https:\/\/feuerwehr-vglambrecht.de\/cms\/wp-json\/wp\/v2\/media?parent=7638"}],"curies":[{"name":"wp","href":"https:\/\/api.w.org\/{rel}","templated":true}]}}