{"id":7301,"date":"2018-12-30T18:22:19","date_gmt":"2018-12-30T17:22:19","guid":{"rendered":"https:\/\/feuerwehr-vglambrecht.de\/cms\/?page_id=7301"},"modified":"2026-01-02T11:52:08","modified_gmt":"2026-01-02T10:52:08","slug":"uebungsplan-2026","status":"publish","type":"page","link":"https:\/\/feuerwehr-vglambrecht.de\/cms\/einheiten\/esthal\/uebungsplan-2026\/","title":{"rendered":"\u00dcbungsplan 2026"},"content":{"rendered":"\n<table id=\"tablepress-66\" class=\"tablepress tablepress-id-66\">\n<thead>\n<tr class=\"row-1\">\n\t<td class=\"column-1\"><\/td><th class=\"column-2\"><strong>Dienstplan FW Esthal - \u00dcbungs- und Ausbildungsinhalte 2026<\/strong><\/th><td class=\"column-3\"><\/td><td class=\"column-4\"><\/td><td class=\"column-5\"><\/td><td class=\"column-6\"><\/td><td class=\"column-7\"><\/td><td class=\"column-8\"><\/td>\n<\/tr>\n<\/thead>\n<tbody class=\"row-striping row-hover\">\n<tr class=\"row-2\">\n\t<td class=\"column-1\"><\/td><td class=\"column-2\"><\/td><td class=\"column-3\"><\/td><td class=\"column-4\"><\/td><td class=\"column-5\"><\/td><td class=\"column-6\"><\/td><td class=\"column-7\"><\/td><td class=\"column-8\"><\/td>\n<\/tr>\n<tr class=\"row-3\">\n\t<td class=\"column-1\">Ausbildung:<\/td><td class=\"column-2\">Kleinere \u00dcbungseinheiten oder Stationsausbildung am Standort Feuerwehrhaus Esthal<\/td><td class=\"column-3\"><\/td><td class=\"column-4\"><\/td><td class=\"column-5\"><\/td><td class=\"column-6\"><\/td><td class=\"column-7\"><\/td><td class=\"column-8\"><\/td>\n<\/tr>\n<tr class=\"row-4\">\n\t<td class=\"column-1\">Monats\u00fcbung:<\/td><td class=\"column-2\">Realistische Einsatz\u00fcbungen an Objekten im Ausr\u00fcckebereich West oder VG Lambrecht<\/td><td class=\"column-3\"><\/td><td class=\"column-4\"><\/td><td class=\"column-5\"><\/td><td class=\"column-6\"><\/td><td class=\"column-7\"><\/td><td class=\"column-8\"><\/td>\n<\/tr>\n<tr class=\"row-5\">\n\t<td class=\"column-1\">UVV-Vermerk:<\/td><td class=\"column-2\">Alle Ausbildungs- und \u00dcbungstermine dienen ebenso der Unterrichung der dem Feuerwehrdienst zugrunde liegenden Unfallverh\u00fctungsvorschriften (Anwesenheitsliste wird gef\u00fchrt).<\/td><td class=\"column-3\"><\/td><td class=\"column-4\"><\/td><td class=\"column-5\"><\/td><td class=\"column-6\"><\/td><td class=\"column-7\"><\/td><td class=\"column-8\"><\/td>\n<\/tr>\n<tr class=\"row-6\">\n\t<td class=\"column-1\">PA-Strecke\/UW:<\/td><td class=\"column-2\">Zu den VG-Terminen ergeht gesonderte Mitteilung<\/td><td class=\"column-3\"><\/td><td class=\"column-4\"><\/td><td class=\"column-5\"><\/td><td class=\"column-6\"><\/td><td class=\"column-7\"><\/td><td class=\"column-8\"><\/td>\n<\/tr>\n<tr class=\"row-7\">\n\t<td class=\"column-1\"><\/td><td class=\"column-2\"><\/td><td class=\"column-3\"><\/td><td class=\"column-4\"><\/td><td class=\"column-5\"><\/td><td class=\"column-6\"><\/td><td class=\"column-7\"><\/td><td class=\"column-8\"><\/td>\n<\/tr>\n<tr class=\"row-8\">\n\t<td class=\"column-1\"><\/td><td class=\"column-2\">Das Feuerwehrhaus Esthal ist das ganze Jahr durchgehend zu \u00dcbungs-\/Ausbildungsterminen und Technischem Dienst jeden Dienstag ab 19 Uhr besetzt.<\/td><td class=\"column-3\"><\/td><td class=\"column-4\"><\/td><td class=\"column-5\"><\/td><td class=\"column-6\"><\/td><td class=\"column-7\"><\/td><td class=\"column-8\"><\/td>\n<\/tr>\n<tr class=\"row-9\">\n\t<td class=\"column-1\"><\/td><td class=\"column-2\"><\/td><td class=\"column-3\"><\/td><td class=\"column-4\"><\/td><td class=\"column-5\"><\/td><td class=\"column-6\"><\/td><td class=\"column-7\"><\/td><td class=\"column-8\"><\/td>\n<\/tr>\n<tr class=\"row-10\">\n\t<td class=\"column-1\"><strong>Datum<\/strong><\/td><td class=\"column-2\"><strong>\u00dcbungs- und Ausbildungsinhalte 2025<\/strong><\/td><td class=\"column-3\"><\/td><td class=\"column-4\"><\/td><td class=\"column-5\"><\/td><td class=\"column-6\"><\/td><td class=\"column-7\"><\/td><td class=\"column-8\"><\/td>\n<\/tr>\n<tr class=\"row-11\">\n\t<td class=\"column-1\">13.01.2026<\/td><td class=\"column-2\">Mannschaftssitzung: Organisatorisches und Jahresplanung\/Differenzial 2-42-1 (j\u00e4hrliche Einweisung)<\/td><td class=\"column-3\"><\/td><td class=\"column-4\"><\/td><td class=\"column-5\"><\/td><td class=\"column-6\"><\/td><td class=\"column-7\"><\/td><td class=\"column-8\"><\/td>\n<\/tr>\n<tr class=\"row-12\">\n\t<td class=\"column-1\">27.01.2026<\/td><td class=\"column-2\">Ausbildung: Leuchtmittel; Gro\u00dffl\u00e4chiges Ausleuchten einer Einsatzstelle<\/td><td class=\"column-3\"><\/td><td class=\"column-4\"><\/td><td class=\"column-5\"><\/td><td class=\"column-6\"><\/td><td class=\"column-7\"><\/td><td class=\"column-8\"><\/td>\n<\/tr>\n<tr class=\"row-13\">\n\t<td class=\"column-1\">10.02.2026<\/td><td class=\"column-2\">Monats\u00fcbung: Erste-Hilfe-Auffrischung incl. Spinboard\/Zubeh\u00f6r<\/td><td class=\"column-3\"><\/td><td class=\"column-4\"><\/td><td class=\"column-5\"><\/td><td class=\"column-6\"><\/td><td class=\"column-7\"><\/td><td class=\"column-8\"><\/td>\n<\/tr>\n<tr class=\"row-14\">\n\t<td class=\"column-1\">24.02.2026<\/td><td class=\"column-2\">Ausbildung:  FwDv3\/FwDv10 (optional falls \u00dcbung mit LZ Lambrecht ausf\u00e4llt)<\/td><td class=\"column-3\"><\/td><td class=\"column-4\"><\/td><td class=\"column-5\"><\/td><td class=\"column-6\"><\/td><td class=\"column-7\"><\/td><td class=\"column-8\"><\/td>\n<\/tr>\n<tr class=\"row-15\">\n\t<td class=\"column-1\">27.02.2026<\/td><td class=\"column-2\">\u00dcbung mit L\u00f6schzug Lambrecht in Lambrecht (Abschnitt Atemschutz komplett)<\/td><td class=\"column-3\"><\/td><td class=\"column-4\"><\/td><td class=\"column-5\"><\/td><td class=\"column-6\"><\/td><td class=\"column-7\"><\/td><td class=\"column-8\"><\/td>\n<\/tr>\n<tr class=\"row-16\">\n\t<td class=\"column-1\">10.03.2026<\/td><td class=\"column-2\">Monats\u00fcbung AB West<\/td><td class=\"column-3\"><\/td><td class=\"column-4\"><\/td><td class=\"column-5\"><\/td><td class=\"column-6\"><\/td><td class=\"column-7\"><\/td><td class=\"column-8\"><\/td>\n<\/tr>\n<tr class=\"row-17\">\n\t<td class=\"column-1\">24.03.2026<\/td><td class=\"column-2\">Mitgliederversammlung F\u00f6rderverein - Aktivit\u00e4t bitte um Anwesenheit! Bewu\u00dft auf \u00dcbungstag gelegt.<\/td><td class=\"column-3\"><\/td><td class=\"column-4\"><\/td><td class=\"column-5\"><\/td><td class=\"column-6\"><\/td><td class=\"column-7\"><\/td><td class=\"column-8\"><\/td>\n<\/tr>\n<tr class=\"row-18\">\n\t<td class=\"column-1\">07.04.2026<\/td><td class=\"column-2\">Monats\u00fcbung: Personenrettung<\/td><td class=\"column-3\"><\/td><td class=\"column-4\"><\/td><td class=\"column-5\"><\/td><td class=\"column-6\"><\/td><td class=\"column-7\"><\/td><td class=\"column-8\"><\/td>\n<\/tr>\n<tr class=\"row-19\">\n\t<td class=\"column-1\">21.04.2026<\/td><td class=\"column-2\">PA\/Ausbildung: Taktische Ventilation (L\u00fcfter, Rauchvorhang, Hydraulische Ventilation)<\/td><td class=\"column-3\"><\/td><td class=\"column-4\"><\/td><td class=\"column-5\"><\/td><td class=\"column-6\"><\/td><td class=\"column-7\"><\/td><td class=\"column-8\"><\/td>\n<\/tr>\n<tr class=\"row-20\">\n\t<td class=\"column-1\">05.05.2026<\/td><td class=\"column-2\">Monsat\u00fcbung: Facheinheit Vegetationsbrand VG Lambrecht (incl. Waldbrand-TLF) + GPS-Koordinaten<\/td><td class=\"column-3\"><\/td><td class=\"column-4\"><\/td><td class=\"column-5\"><\/td><td class=\"column-6\"><\/td><td class=\"column-7\"><\/td><td class=\"column-8\"><\/td>\n<\/tr>\n<tr class=\"row-21\">\n\t<td class=\"column-1\">19.05.2026<\/td><td class=\"column-2\">Ausbildung: Digitalfunktechnik (MRT, HRT, Funktionen) + GPS-Koordinaten, Rettungspunkte<\/td><td class=\"column-3\"><\/td><td class=\"column-4\"><\/td><td class=\"column-5\"><\/td><td class=\"column-6\"><\/td><td class=\"column-7\"><\/td><td class=\"column-8\"><\/td>\n<\/tr>\n<tr class=\"row-22\">\n\t<td class=\"column-1\">02.06.2026<\/td><td class=\"column-2\">Monats\u00fcbung: Verkehrsunfall oder TH<\/td><td class=\"column-3\"><\/td><td class=\"column-4\"><\/td><td class=\"column-5\"><\/td><td class=\"column-6\"><\/td><td class=\"column-7\"><\/td><td class=\"column-8\"><\/td>\n<\/tr>\n<tr class=\"row-23\">\n\t<td class=\"column-1\">16.06.2026<\/td><td class=\"column-2\">PA\/\u00dcbung: FwDv3, Brand Nebengeb\u00e4ude<\/td><td class=\"column-3\"><\/td><td class=\"column-4\"><\/td><td class=\"column-5\"><\/td><td class=\"column-6\"><\/td><td class=\"column-7\"><\/td><td class=\"column-8\"><\/td>\n<\/tr>\n<tr class=\"row-24\">\n\t<td class=\"column-1\">30.06.2026<\/td><td class=\"column-2\">Fahrzeugkunde; Auffrischung Maschinisten 2-42-1<\/td><td class=\"column-3\"><\/td><td class=\"column-4\"><\/td><td class=\"column-5\"><\/td><td class=\"column-6\"><\/td><td class=\"column-7\"><\/td><td class=\"column-8\"><\/td>\n<\/tr>\n<tr class=\"row-25\">\n\t<td class=\"column-1\">14.07.2026<\/td><td class=\"column-2\">FwDv3 optional (Di nach FW-Fest)<\/td><td class=\"column-3\"><\/td><td class=\"column-4\"><\/td><td class=\"column-5\"><\/td><td class=\"column-6\"><\/td><td class=\"column-7\"><\/td><td class=\"column-8\"><\/td>\n<\/tr>\n<tr class=\"row-26\">\n\t<td class=\"column-1\">28.07.2026<\/td><td class=\"column-2\">Monats\u00fcbung: Abschnitt Atemschutz (Aufbau Schnelleinsatzzelt, PA-\u00dcberwachung)<\/td><td class=\"column-3\"><\/td><td class=\"column-4\"><\/td><td class=\"column-5\"><\/td><td class=\"column-6\"><\/td><td class=\"column-7\"><\/td><td class=\"column-8\"><\/td>\n<\/tr>\n<tr class=\"row-27\">\n\t<td class=\"column-1\">11.08.2026<\/td><td class=\"column-2\">Ausbildung: Personenrettung (Tragbare Leitern FwDv10, FW-Trage, Schleifkorbtrage, Spineboard, Rettungstuch)<\/td><td class=\"column-3\"><\/td><td class=\"column-4\"><\/td><td class=\"column-5\"><\/td><td class=\"column-6\"><\/td><td class=\"column-7\"><\/td><td class=\"column-8\"><\/td>\n<\/tr>\n<tr class=\"row-28\">\n\t<td class=\"column-1\">25.08.2026<\/td><td class=\"column-2\">Monats\u00fcbung: TH - Person in Zwangslage\/Forst<\/td><td class=\"column-3\"><\/td><td class=\"column-4\"><\/td><td class=\"column-5\"><\/td><td class=\"column-6\"><\/td><td class=\"column-7\"><\/td><td class=\"column-8\"><\/td>\n<\/tr>\n<tr class=\"row-29\">\n\t<td class=\"column-1\">08.09.2026<\/td><td class=\"column-2\">Ausbildung: Drehleiter<\/td><td class=\"column-3\"><\/td><td class=\"column-4\"><\/td><td class=\"column-5\"><\/td><td class=\"column-6\"><\/td><td class=\"column-7\"><\/td><td class=\"column-8\"><\/td>\n<\/tr>\n<tr class=\"row-30\">\n\t<td class=\"column-1\">22.09.2026<\/td><td class=\"column-2\">Monats\u00fcbung optional (falls \u00dcbung AB-West ausfallen sollte)<\/td><td class=\"column-3\"><\/td><td class=\"column-4\"><\/td><td class=\"column-5\"><\/td><td class=\"column-6\"><\/td><td class=\"column-7\"><\/td><td class=\"column-8\"><\/td>\n<\/tr>\n<tr class=\"row-31\">\n\t<td class=\"column-1\">24.09.2026<\/td><td class=\"column-2\">Monats\u00fcbung AB West in Frankeneck<\/td><td class=\"column-3\"><\/td><td class=\"column-4\"><\/td><td class=\"column-5\"><\/td><td class=\"column-6\"><\/td><td class=\"column-7\"><\/td><td class=\"column-8\"><\/td>\n<\/tr>\n<tr class=\"row-32\">\n\t<td class=\"column-1\">06.10.2026<\/td><td class=\"column-2\">Ausbildung: Kaminbrand (Externer Referent)<\/td><td class=\"column-3\"><\/td><td class=\"column-4\"><\/td><td class=\"column-5\"><\/td><td class=\"column-6\"><\/td><td class=\"column-7\"><\/td><td class=\"column-8\"><\/td>\n<\/tr>\n<tr class=\"row-33\">\n\t<td class=\"column-1\">17.10.2026<\/td><td class=\"column-2\">Forst\u00fcbung Revier Morschbach \/ Holzmachen f\u00fcr Oischerre mit Familien<\/td><td class=\"column-3\"><\/td><td class=\"column-4\"><\/td><td class=\"column-5\"><\/td><td class=\"column-6\"><\/td><td class=\"column-7\"><\/td><td class=\"column-8\"><\/td>\n<\/tr>\n<tr class=\"row-34\">\n\t<td class=\"column-1\">20.10.2026<\/td><td class=\"column-2\">Ausbildung\/\u00dcbung: Abschnitt Atemschutz (PA-\u00dcberwachung, A.N.T.S.), Objekt DZ<\/td><td class=\"column-3\"><\/td><td class=\"column-4\"><\/td><td class=\"column-5\"><\/td><td class=\"column-6\"><\/td><td class=\"column-7\"><\/td><td class=\"column-8\"><\/td>\n<\/tr>\n<tr class=\"row-35\">\n\t<td class=\"column-1\">03.11.2026<\/td><td class=\"column-2\">Phasen der Erkundung, F\u00fchrungskreislauf -> FwDv3<\/td><td class=\"column-3\"><\/td><td class=\"column-4\"><\/td><td class=\"column-5\"><\/td><td class=\"column-6\"><\/td><td class=\"column-7\"><\/td><td class=\"column-8\"><\/td>\n<\/tr>\n<tr class=\"row-36\">\n\t<td class=\"column-1\">17.11.2026<\/td><td class=\"column-2\">Monats\u00fcbung: GAMS, Feuerwehr im Gefahrstoffeinsatz mit GAMS-Einheit Elmstein<\/td><td class=\"column-3\"><\/td><td class=\"column-4\"><\/td><td class=\"column-5\"><\/td><td class=\"column-6\"><\/td><td class=\"column-7\"><\/td><td class=\"column-8\"><\/td>\n<\/tr>\n<tr class=\"row-37\">\n\t<td class=\"column-1\">21.11.2026<\/td><td class=\"column-2\">Ersatztermin Forst\u00fcbung: Nur R\u00fcckfallebene falls wetterbedingt Ausfall im Oktober<\/td><td class=\"column-3\"><\/td><td class=\"column-4\"><\/td><td class=\"column-5\"><\/td><td class=\"column-6\"><\/td><td class=\"column-7\"><\/td><td class=\"column-8\"><\/td>\n<\/tr>\n<tr class=\"row-38\">\n\t<td class=\"column-1\">01.12.2026<\/td><td class=\"column-2\">Elektrogefahren an der Einsatzstelle<\/td><td class=\"column-3\"><\/td><td class=\"column-4\"><\/td><td class=\"column-5\"><\/td><td class=\"column-6\"><\/td><td class=\"column-7\"><\/td><td class=\"column-8\"><\/td>\n<\/tr>\n<tr class=\"row-39\">\n\t<td class=\"column-1\">15.12.2026<\/td><td class=\"column-2\">Ausbildung\/Ger\u00e4tekunde\/Jahrespr\u00fcfungen 2026<\/td><td class=\"column-3\"><\/td><td class=\"column-4\"><\/td><td class=\"column-5\"><\/td><td class=\"column-6\"><\/td><td class=\"column-7\"><\/td><td class=\"column-8\"><\/td>\n<\/tr>\n<tr class=\"row-40\">\n\t<td class=\"column-1\"><\/td><td class=\"column-2\"><\/td><td class=\"column-3\"><\/td><td class=\"column-4\"><\/td><td class=\"column-5\"><\/td><td class=\"column-6\"><\/td><td class=\"column-7\"><\/td><td class=\"column-8\"><\/td>\n<\/tr>\n<\/tbody>\n<\/table>\n<!-- #tablepress-66 from cache -->\n","protected":false},"excerpt":{"rendered":"","protected":false},"author":2,"featured_media":0,"parent":913,"menu_order":5,"comment_status":"closed","ping_status":"closed","template":"","meta":{"footnotes":""},"class_list":["post-7301","page","type-page","status-publish","hentry"],"better_featured_image":null,"_links":{"self":[{"href":"https:\/\/feuerwehr-vglambrecht.de\/cms\/wp-json\/wp\/v2\/pages\/7301","targetHints":{"allow":["GET"]}}],"collection":[{"href":"https:\/\/feuerwehr-vglambrecht.de\/cms\/wp-json\/wp\/v2\/pages"}],"about":[{"href":"https:\/\/feuerwehr-vglambrecht.de\/cms\/wp-json\/wp\/v2\/types\/page"}],"author":[{"embeddable":true,"href":"https:\/\/feuerwehr-vglambrecht.de\/cms\/wp-json\/wp\/v2\/users\/2"}],"replies":[{"embeddable":true,"href":"https:\/\/feuerwehr-vglambrecht.de\/cms\/wp-json\/wp\/v2\/comments?post=7301"}],"version-history":[{"count":11,"href":"https:\/\/feuerwehr-vglambrecht.de\/cms\/wp-json\/wp\/v2\/pages\/7301\/revisions"}],"predecessor-version":[{"id":14519,"href":"https:\/\/feuerwehr-vglambrecht.de\/cms\/wp-json\/wp\/v2\/pages\/7301\/revisions\/14519"}],"up":[{"embeddable":true,"href":"https:\/\/feuerwehr-vglambrecht.de\/cms\/wp-json\/wp\/v2\/pages\/913"}],"wp:attachment":[{"href":"https:\/\/feuerwehr-vglambrecht.de\/cms\/wp-json\/wp\/v2\/media?parent=7301"}],"curies":[{"name":"wp","href":"https:\/\/api.w.org\/{rel}","templated":true}]}}