{"id":5569,"date":"2017-05-03T17:30:28","date_gmt":"2017-05-03T15:30:28","guid":{"rendered":"https:\/\/feuerwehr-vglambrecht.de\/cms\/?page_id=5569"},"modified":"2018-01-26T17:44:44","modified_gmt":"2018-01-26T16:44:44","slug":"feuerwehrsportgruppe","status":"publish","type":"page","link":"https:\/\/feuerwehr-vglambrecht.de\/cms\/einheiten\/lambrecht\/feuerwehrsportgruppe\/","title":{"rendered":"Feuerwehrsportgruppe"},"content":{"rendered":"<p>Die Feuerwehr Lambrecht hat im Jahr 2015 ihre eigene Feuerwehr Sportgruppe gegr\u00fcndet mit dem Ziel den Kameraden die M\u00f6glichkeit zu sportlichen Bet\u00e4tigung im Rahmen von Dienstsporteinheiten zu erm\u00f6glichen.<\/p>\n<p>F\u00fcr die Feuerwehrkameradinnen und -kameraden, insbesondere die Atemschutzger\u00e4tetr\u00e4ger, ist die k\u00f6rperliche Fitness im Einsatzfall sehr wichtig. Dar\u00fcber hinaus f\u00f6rdert Sport die Teamf\u00e4higkeit und wirkt sich positiv auf den allgemeinen Gesundheitszustand aus.<\/p>\n<p><u>\u00dcber uns<\/u><\/p>\n<p><span style=\"font-weight: 400;\">Die Sportgruppe der Feuerwehr Lambrecht besteht z. Zt. aus etwa. 15 Personen und trifft sich einmal in der Woche, meist donnerstags, um diversen Sportaktivit\u00e4ten wie z.B. <\/span><\/p>\n<p><span style=\"font-weight: 400;\">&#8211;<\/span> <span style=\"font-weight: 400;\">Joggen\u00a0<\/span><\/p>\n<p><span style=\"font-weight: 400;\">&#8211;<\/span> <span style=\"font-weight: 400;\">Radfahren<\/span><\/p>\n<p><span style=\"font-weight: 400;\">&#8211;<\/span> <span style=\"font-weight: 400;\">Schwimmen\u00a0<\/span><\/p>\n<p><span style=\"font-weight: 400;\">&#8211;<\/span> <span style=\"font-weight: 400;\">Fussball spielen\u00a0<\/span><\/p>\n<p><span style=\"font-weight: 400;\">&#8211;<\/span> <span style=\"font-weight: 400;\">V\u00f6lkerball spielen\u00a0<\/span><\/p>\n<p><span style=\"font-weight: 400;\">&#8211;<\/span> <span style=\"font-weight: 400;\">Badminton spielen\u00a0<\/span><\/p>\n<p><span style=\"font-weight: 400;\">&#8211;<\/span> <span style=\"font-weight: 400;\">Squash\u00a0<\/span><\/p>\n<p><span style=\"font-weight: 400;\">&#8211;<\/span> <span style=\"font-weight: 400;\">Treppenl\u00e4ufe<\/span><\/p>\n<p><span style=\"font-weight: 400;\">nachzugehen.<\/span><\/p>\n<p><span style=\"font-weight: 400;\">Dar\u00fcber hinaus nimmt die Sportgruppe auch an allj\u00e4hrlichen Sportveranstaltungen teil wie Treppenl\u00e4ufe in Kaiserslautern, K\u00f6ln und Frankfurt, an Hindernisl\u00e4ufen \u00a0oder Marathonveranstaltungen in ganz Deutschland oder absolviert Sportabzeichen wie z.B. das Schwimmabzeichen der Deutschen Lebensrettungsgesellschaft (DLRG). \u00a0<\/span><\/p>\n<p><a href=\"https:\/\/feuerwehr-vglambrecht.de\/cms\/einheiten\/lambrecht\/feuerwehrsportgruppe\/teilnahmen\/\"><span style=\"font-weight: 400;\">Eine \u00dcbersicht der j\u00e4hrlichen Veranstaltungen an denen die Sportgruppe der Feuerwehr Lambrecht teilnimmt k\u00f6nnen Sie hier entnehmen.\u00a0<\/span><\/a><\/p>\n<p>Kontakt:\u00a0<a href=\"mailto:feuerwehrsportgruppe@feuerwehr-vglambrecht.de\"><span style=\"font-weight: 400;\">feuerwehrsportgruppe@feuerwehr-vglambrecht.de<\/span><\/a><\/p>\n","protected":false},"excerpt":{"rendered":"<p>Die Feuerwehr Lambrecht hat im Jahr 2015 ihre eigene Feuerwehr Sportgruppe gegr\u00fcndet mit dem Ziel den Kameraden die M\u00f6glichkeit zu sportlichen Bet\u00e4tigung im Rahmen von Dienstsporteinheiten zu erm\u00f6glichen. F\u00fcr die Feuerwehrkameradinnen und -kameraden, insbesondere die Atemschutzger\u00e4tetr\u00e4ger, ist die k\u00f6rperliche Fitness im Einsatzfall sehr wichtig. Dar\u00fcber hinaus f\u00f6rdert Sport die Teamf\u00e4higkeit und wirkt sich positiv auf den allgemeinen Gesundheitszustand aus. \u00dcber uns Die Sportgruppe der Feuerwehr Lambrecht besteht z. Zt. aus etwa. 15 Personen und trifft sich einmal in der Woche, meist donnerstags, um diversen Sportaktivit\u00e4ten wie z.B. &#8211; Joggen\u00a0 &#8211; Radfahren &#8211; Schwimmen\u00a0 &#8211; Fussball spielen\u00a0 &#8211; V\u00f6lkerball spielen\u00a0 &#8211; Badminton spielen\u00a0 &#8211; Squash\u00a0 &#8211; Treppenl\u00e4ufe nachzugehen. Dar\u00fcber hinaus nimmt die Sportgruppe auch an allj\u00e4hrlichen Sportveranstaltungen teil wie Treppenl\u00e4ufe in Kaiserslautern, K\u00f6ln und Frankfurt, an Hindernisl\u00e4ufen \u00a0oder Marathonveranstaltungen in ganz Deutschland oder absolviert Sportabzeichen wie z.B. das Schwimmabzeichen der Deutschen Lebensrettungsgesellschaft (DLRG). \u00a0 Eine \u00dcbersicht der j\u00e4hrlichen Veranstaltungen an denen&hellip;<\/p>\n","protected":false},"author":1,"featured_media":0,"parent":936,"menu_order":5,"comment_status":"closed","ping_status":"closed","template":"","meta":{"footnotes":""},"class_list":["post-5569","page","type-page","status-publish","hentry"],"better_featured_image":null,"_links":{"self":[{"href":"https:\/\/feuerwehr-vglambrecht.de\/cms\/wp-json\/wp\/v2\/pages\/5569","targetHints":{"allow":["GET"]}}],"collection":[{"href":"https:\/\/feuerwehr-vglambrecht.de\/cms\/wp-json\/wp\/v2\/pages"}],"about":[{"href":"https:\/\/feuerwehr-vglambrecht.de\/cms\/wp-json\/wp\/v2\/types\/page"}],"author":[{"embeddable":true,"href":"https:\/\/feuerwehr-vglambrecht.de\/cms\/wp-json\/wp\/v2\/users\/1"}],"replies":[{"embeddable":true,"href":"https:\/\/feuerwehr-vglambrecht.de\/cms\/wp-json\/wp\/v2\/comments?post=5569"}],"version-history":[{"count":4,"href":"https:\/\/feuerwehr-vglambrecht.de\/cms\/wp-json\/wp\/v2\/pages\/5569\/revisions"}],"predecessor-version":[{"id":6368,"href":"https:\/\/feuerwehr-vglambrecht.de\/cms\/wp-json\/wp\/v2\/pages\/5569\/revisions\/6368"}],"up":[{"embeddable":true,"href":"https:\/\/feuerwehr-vglambrecht.de\/cms\/wp-json\/wp\/v2\/pages\/936"}],"wp:attachment":[{"href":"https:\/\/feuerwehr-vglambrecht.de\/cms\/wp-json\/wp\/v2\/media?parent=5569"}],"curies":[{"name":"wp","href":"https:\/\/api.w.org\/{rel}","templated":true}]}}