{"id":4415,"date":"2016-08-26T12:47:33","date_gmt":"2016-08-26T10:47:33","guid":{"rendered":"https:\/\/feuerwehr-vglambrecht.de\/cms\/?page_id=4415"},"modified":"2024-11-12T22:32:57","modified_gmt":"2024-11-12T21:32:57","slug":"vorstand","status":"publish","type":"page","link":"https:\/\/feuerwehr-vglambrecht.de\/cms\/foerderverein\/elmstein\/vorstand\/","title":{"rendered":"Vorstand"},"content":{"rendered":"<h4 style=\"text-align: left;\">Der aktuelle Vorstand (Stand: Oktober 2024) besteht aus:<\/h4>\n<p>&nbsp;<\/p>\n<h6 style=\"text-align: left;\">Vorsitzender<\/h6>\n<pre style=\"text-align: left;\">Zwing, Marc\r\n<a href=\"mailto:FoerdervereinFFWElmstein@t-online.de\">E-Mail<\/a><\/pre>\n<p>&nbsp;<\/p>\n<h6 style=\"text-align: left;\">stellv. Vorsitzende<\/h6>\n<pre>Aull, Annette<\/pre>\n<p>&nbsp;<\/p>\n<h6 style=\"text-align: left;\">Schriftf\u00fchrerin<\/h6>\n<pre style=\"text-align: left;\">Diez, Montserrat<\/pre>\n<p>&nbsp;<\/p>\n<h6 style=\"text-align: left;\">Kassenwart<\/h6>\n<pre style=\"text-align: left;\">Fuchs, Wilfried<\/pre>\n<p>&nbsp;<\/p>\n<h6 style=\"text-align: left;\">Beisitzer<\/h6>\n<pre style=\"text-align: left;\">Riedel, Dominik\r\nCronauer, J\u00f6rg\r\nKr\u00f6hl, Claudia\r\nStoller, Kai<\/pre>\n<p>&nbsp;<\/p>\n<h6 style=\"text-align: left;\">Kassenpr\u00fcfer<\/h6>\n<pre style=\"text-align: left;\">Simon, Christian\r\nHeller, Felix<\/pre>\n","protected":false},"excerpt":{"rendered":"<p>Der aktuelle Vorstand (Stand: Oktober 2024) besteht aus: &nbsp; Vorsitzender Zwing, Marc E-Mail &nbsp; stellv. Vorsitzende Aull, Annette &nbsp; Schriftf\u00fchrerin Diez, Montserrat &nbsp; Kassenwart Fuchs, Wilfried &nbsp; Beisitzer Riedel, Dominik Cronauer, J\u00f6rg Kr\u00f6hl, Claudia Stoller, Kai &nbsp; Kassenpr\u00fcfer Simon, Christian Heller, Felix<\/p>\n","protected":false},"author":2,"featured_media":0,"parent":1729,"menu_order":4,"comment_status":"closed","ping_status":"closed","template":"","meta":{"footnotes":""},"class_list":["post-4415","page","type-page","status-publish","hentry"],"better_featured_image":null,"_links":{"self":[{"href":"https:\/\/feuerwehr-vglambrecht.de\/cms\/wp-json\/wp\/v2\/pages\/4415","targetHints":{"allow":["GET"]}}],"collection":[{"href":"https:\/\/feuerwehr-vglambrecht.de\/cms\/wp-json\/wp\/v2\/pages"}],"about":[{"href":"https:\/\/feuerwehr-vglambrecht.de\/cms\/wp-json\/wp\/v2\/types\/page"}],"author":[{"embeddable":true,"href":"https:\/\/feuerwehr-vglambrecht.de\/cms\/wp-json\/wp\/v2\/users\/2"}],"replies":[{"embeddable":true,"href":"https:\/\/feuerwehr-vglambrecht.de\/cms\/wp-json\/wp\/v2\/comments?post=4415"}],"version-history":[{"count":42,"href":"https:\/\/feuerwehr-vglambrecht.de\/cms\/wp-json\/wp\/v2\/pages\/4415\/revisions"}],"predecessor-version":[{"id":13273,"href":"https:\/\/feuerwehr-vglambrecht.de\/cms\/wp-json\/wp\/v2\/pages\/4415\/revisions\/13273"}],"up":[{"embeddable":true,"href":"https:\/\/feuerwehr-vglambrecht.de\/cms\/wp-json\/wp\/v2\/pages\/1729"}],"wp:attachment":[{"href":"https:\/\/feuerwehr-vglambrecht.de\/cms\/wp-json\/wp\/v2\/media?parent=4415"}],"curies":[{"name":"wp","href":"https:\/\/api.w.org\/{rel}","templated":true}]}}