{"id":4393,"date":"2016-08-26T12:39:55","date_gmt":"2016-08-26T10:39:55","guid":{"rendered":"https:\/\/feuerwehr-vglambrecht.de\/cms\/?page_id=4393"},"modified":"2016-08-26T13:01:18","modified_gmt":"2016-08-26T11:01:18","slug":"satzung","status":"publish","type":"page","link":"https:\/\/feuerwehr-vglambrecht.de\/cms\/esthal\/satzung\/","title":{"rendered":"Satzung"},"content":{"rendered":"<p style=\"text-align: center;\">Hier k\u00f6nnen Sie die\u00a0<a href=\"https:\/\/feuerwehr-vglambrecht.de\/cms\/wp-content\/uploads\/2016\/08\/Satzung-Feuerwehr-Esthal.pdf\">Satzung Feuerwehr Esthal<\/a>\u00a0als PDF herunterladen<\/p>\n<p style=\"text-align: center;\"><strong><span style=\"text-decoration: underline;\">Vereinssatzung<\/span><\/strong><\/p>\n<p style=\"text-align: center;\"><strong><span style=\"text-decoration: underline;\">EIN VEREIN ZUR F\u00d6RDERUNG DES<\/span><\/strong><\/p>\n<p style=\"text-align: center;\"><strong><span style=\"text-decoration: underline;\"> FEUERWEHRGEDANKENS<\/span><\/strong><\/p>\n<p style=\"text-align: center;\"><span style=\"text-decoration: underline;\">\u00a71<\/span><\/p>\n<p style=\"text-align: center;\"><span style=\"text-decoration: underline;\">Name, Sitz<\/span><\/p>\n<p style=\"text-align: center;\">1) \u00a0Der Verein tr\u00e4gt den Namen \u201eF\u00f6rderverein der Freiwilligen Feuerwehr Esthal\u201c<\/p>\n<p style=\"text-align: center;\">2) \u00a0Er hat die Rechtsform eines eingetragenen Vereins.<\/p>\n<p style=\"text-align: center;\">3) \u00a0Der Verein hat seinen Sitz in Esthal.<\/p>\n<p style=\"text-align: center;\">4) \u00a0Der Verein soll in das Vereinsregister des Amtsgerichtes \u2028Ludwigshafen am Rhein eingetragen werden.<\/p>\n<p style=\"text-align: center;\"><span style=\"text-decoration: underline;\">\u00a72<\/span><\/p>\n<p style=\"text-align: center;\"><span style=\"text-decoration: underline;\"> \u2028Gesch\u00e4ftsjahr<\/span><\/p>\n<p style=\"text-align: center;\">1) Das Gesch\u00e4ftsjahr des Vereins ist das Kalenderjahr.<\/p>\n<p style=\"text-align: center;\"><span style=\"text-decoration: underline;\">\u00a73<\/span><\/p>\n<p style=\"text-align: center;\"><span style=\"text-decoration: underline;\">Gemeinn\u00fctzigkeit und Zweck<\/span><\/p>\n<p style=\"text-align: center;\">1) \u00a0Der Verein verfolgt ausschlie\u00dflich und unmittelbar gemeinn\u00fctzige Zwecke im Sinne des Abschnittes \u201eSteuerbeg\u00fcnstigte Zwecke\u201c der Abgabenordnung in der jeweils g\u00fcltigen Fassung.<\/p>\n<p style=\"text-align: center;\">2) \u00a0Der Verein ist selbstlos t\u00e4tig; er verfolgt nicht in erster Linie eigenwirtschaftliche Zwecke.<\/p>\n<p style=\"text-align: center;\">3) \u00a0Mittel des Vereins d\u00fcrfen nur f\u00fcr die satzungsgem\u00e4\u00dfen Zwecke verwendet werden. Die Mitglieder erhalten keine Zuwendungen aus Mitteln des Vereins.<\/p>\n<p style=\"text-align: center;\">4) \u00a0Der Verein hat die Aufgabe, das Feuerwehrwesen nach dem Landesgesetz \u00fcber den Brandschutz, die allgemeine Hilfe und den Katastrophenschutz vom 20.11.1981, sowie das Rettungswesen und den Umweltschutz zu f\u00f6rdern. Dieser Satzungszweck wird insbesondere verwirklicht durch:<\/p>\n<p style=\"text-align: center;\">a) \u00a0ideelle und materielle Unterst\u00fctzung des Feuerwehrwesens der Freiwilligen Feuerwehr Esthal,<\/p>\n<p style=\"text-align: center;\">b) \u00a0durch die Wahrnehmung der sozialen Belange der Feuerwehrangeh\u00f6rigen, 1. Unterst\u00fctzung der Feuerwehrangeh\u00f6rigen im Todesfall\u2028 Unterst\u00fctzung der Feuerwehrangeh\u00f6rigen bei Unf\u00e4llen<\/p>\n<p style=\"text-align: center;\">c) F\u00f6rderung des gegenseitigen Zusammenwirkens mit \u00fcber\u00f6rtlichen Feuerwehren,<\/p>\n<p style=\"text-align: center;\">bzw. Feuerwehrf\u00f6rdervereinen,<\/p>\n<p style=\"text-align: center;\">d) \u00a0Beratung der Aufgabentr\u00e4ger in Fragen des Brandschutzes, der allgemeinen Hilfe, des Katastrophenschutzes, des Rettungswesens und des Umweltschutzes,<\/p>\n<p style=\"text-align: center;\">e) \u00a0die \u00d6ffentlichkeitsarbeit.<\/p>\n<p style=\"text-align: center;\">5) \u00a0Es darf keine Person durch Ausgaben, die dem Zwecke des Vereins fremd sind oder durch unverh\u00e4ltnism\u00e4\u00dfig hohe Verg\u00fctung beg\u00fcnstigt werden.<\/p>\n<p style=\"text-align: center;\">6) \u00a0Der Verein ist politisch und religi\u00f6s neutral.<\/p>\n<p style=\"text-align: center;\">Dem Verein k\u00f6nnen angeh\u00f6ren:<\/p>\n<p style=\"text-align: center;\">a) \u00a0Feuerwehrangeh\u00f6rige<\/p>\n<p style=\"text-align: center;\">b) \u00a0Ehrenmitglieder<\/p>\n<p style=\"text-align: center;\">c) \u00a0f\u00f6rdernde Mitglieder<\/p>\n<p style=\"text-align: center;\">d) \u00a0Familien Mitgliedschaften<\/p>\n<p style=\"text-align: center;\"><span style=\"text-decoration: underline;\">\u00a74<\/span><\/p>\n<p style=\"text-align: center;\"><span style=\"text-decoration: underline;\">Mitglieder des Vereins<\/span><\/p>\n<p style=\"text-align: center;\"><span style=\"text-decoration: underline;\">\u00a75<\/span><\/p>\n<p style=\"text-align: center;\"><span style=\"text-decoration: underline;\">Erwerb der Mitgliedschaft<\/span><\/p>\n<p style=\"text-align: center;\">1) \u00a0Mitglied des Vereins kann jede Person werden. \u00dcber den schriftlichen Antrag entscheidet der Vorstand. Der Antrag soll den Namen, das Alter und die Anschrift des Antragstellers enthalten.<\/p>\n<p style=\"text-align: center;\">2) \u00a0Zu Ehrenmitgliedern k\u00f6nnen nat\u00fcrliche Personen gew\u00e4hlt werden, die sich besondere Verdienste erworben haben. Ehrenmitglieder werden auf Vorschlag des Vorstandes von der Mitgliederversammlung ernannt.<\/p>\n<p style=\"text-align: center;\">3) \u00a0Als f\u00f6rdernde Mitglieder k\u00f6nnen unbescholtene nat\u00fcrliche oder juristische Personen aufgenommen werden, die durch ihren Beitritt ihre Verbundenheit mit dem Feuerwehrwesen bekunden wollen.<\/p>\n<p style=\"text-align: center;\">4) \u00a0Stirbt ein Ehepartner bei bestehender Familienmitgliedschaft, so \u00e4ndert sich der Mitgliederstatus in eine Einzelmitgliedschaft.<\/p>\n<p style=\"text-align: center;\">5) \u00a0Ist der Haushaltsvorstand Mitglied des Vereins, so k\u00f6nnen dessen Kinder bis zum\u2028 Lebensjahr beitragsfreie Einzelmitglieder werden. Ab dem 18. Lebensjahr kommt dann die Beitragsbefreiung in Wegfall.<\/p>\n<p style=\"text-align: center;\"><span style=\"text-decoration: underline;\">\u00a76<\/span><\/p>\n<p style=\"text-align: center;\"><span style=\"text-decoration: underline;\">Beendigung der Mitgliedschaft<\/span><\/p>\n<p style=\"text-align: center;\">1) \u00a0Die Mitgliedschaft endet<\/p>\n<p style=\"text-align: center;\">a) \u00a0mit dem Tod des Mitglieds<\/p>\n<p style=\"text-align: center;\">b) \u00a0durch freiwilligen Austritt<\/p>\n<p style=\"text-align: center;\">c) \u00a0durch Streichung von der Mitgliederliste<\/p>\n<p style=\"text-align: center;\">d) \u00a0durch den Ausschlu\u00df aus dem Verein<\/p>\n<p style=\"text-align: center;\">2) \u00a0Der freiwillige Austritt erfolgt durch schriftliche Erkl\u00e4rung gegen\u00fcber einem Mitglied des Vorstandes. Er ist nur zum Schlu\u00df eines Kalenderjahres unter Einhaltung einer K\u00fcndigungsfrist von drei Monaten zul\u00e4ssig.<\/p>\n<p style=\"text-align: center;\">3) \u00a0Ein Mitglied kann durch Beschlu\u00df des Vorstandes von der Mitgliederliste gestrichen werden, wenn er trotz zweimaliger Mahnung mit der Zahlung des Beitrages im R\u00fcckstand ist. Die Streichung darf erst beschlossen werden, nachdem seit der Absendung des zweiten Mahnschreibens drei Monate verstrichen und die Beitragsschulden nicht beglichen sind. Die Streichung ist dem Mitglied mitzuteilen.<\/p>\n<p style=\"text-align: center;\">4) \u00a0Ein Mitglied kann, wenn es gegen die Vereinsinteressen gr\u00f6blich versto\u00dfen hat, durch Beschlu\u00df des Vorstandes aus dem Verein ausgeschlossen werden. Vor der Beschlu\u00dffassung ist dem Mitglied unter Setzung einer angemessenen Frist Gelegenheit zu geben, sich pers\u00f6nlich vor dem Vorstand oder schriftlich zu rechtfertigen. Der Beschlu\u00df \u00fcber den Ausschlu\u00df ist mit Gr\u00fcnden zu versehen und dem Mitglied mittels eingeschriebenem Brief bekanntzumachen. Gegen den Ausschlie\u00dfungsbeschlu\u00df des Vorstandes steht dem Mitglied das Recht der Berufung an die Mitgliederversammlung zu. Die Berufung mu\u00df innerhalb einer Frist von einem Monat ab Zugang des Ausschlie\u00dfungsbeschlusses beim Vorstand schriftlich eingelegt werden. Ist die Berufung rechtzeitig eingelegt, so hat der Vorstand bis zur n\u00e4chsten Mitgliederversammlung zur Entscheidung \u00fcber die Berufung einzuberufen. Geschieht das nicht, gilt der Ausschlie\u00dfungsbescheid als nicht erlassen. Macht das Mitglied vom Recht der Berufung gegen den Ausschlie\u00dfungsbeschlu\u00df keinen Gebrauch, oder vers\u00e4umt es die Berufungsfrist, so unterwirft es sich damit dem Ausschlie\u00dfungsbeschlu\u00df mit der Folge, da\u00df die Mitgliedschaft als beendet gilt.<\/p>\n<p style=\"text-align: center;\"><span style=\"text-decoration: underline;\">\u00a77<\/span><\/p>\n<p style=\"text-align: center;\"><span style=\"text-decoration: underline;\"> \u2028Rechte und Pflichten<\/span><\/p>\n<p style=\"text-align: center;\">1) \u00a0Die Mitglieder haben Mitwirkungsrecht im Rahmen dieser Satzung. Sie haben Anspruch auf Rat und Unterst\u00fctzung durch den Verein im Rahmen seiner M\u00f6glichkeiten.<\/p>\n<p style=\"text-align: center;\">2) \u00a0Mitgliedern steht die Teilnahme an Veranstaltungen des Vereins und die Inanspruchnahme seiner Einrichtungen im Rahmen dieser Satzung offen.<\/p>\n<p style=\"text-align: center;\">3) Die Mitglieder sind verpflichtet, den Verein bei der Durchf\u00fchrung seiner Aufgaben zu unterst\u00fctzen.<\/p>\n<p style=\"text-align: center;\"><span style=\"text-decoration: underline;\">\u00a78<\/span><\/p>\n<p style=\"text-align: center;\"><span style=\"text-decoration: underline;\">Mittel<\/span><\/p>\n<p style=\"text-align: center;\">1) \u00a0Die Mittel zur Erreichung des Vereinszwecks werden insbesondere aufgebracht durch: \u2028a) j\u00e4hrliche Mitgliedsbeitr\u00e4ge, deren H\u00f6he von der Mitgliederversammlung festzusetzen sind \u2028b) freiwillige Zuwendungen (z. B. Spenden) \u2028c) Zusch\u00fcsse aus \u00f6ffentlichen Mitteln<\/p>\n<p style=\"text-align: center;\">2) \u00a0Ehrenmitglieder sind von der Beitragspflicht befreit.<\/p>\n<p style=\"text-align: center;\"><span style=\"text-decoration: underline;\">\u00a79<\/span><\/p>\n<p style=\"text-align: center;\"><span style=\"text-decoration: underline;\">Organe des Vereins<\/span><\/p>\n<p style=\"text-align: center;\">1) \u00a0Vorstand<\/p>\n<p style=\"text-align: center;\">2) \u00a0Gesamtvorstand<\/p>\n<p style=\"text-align: center;\">3) \u00a0Mitgliederversammlung<\/p>\n<p style=\"text-align: center;\"><span style=\"text-decoration: underline;\">\u00a710<\/span><\/p>\n<p style=\"text-align: center;\"><span style=\"text-decoration: underline;\">Der Vorstand<\/span><\/p>\n<p style=\"text-align: center;\">1) \u00a0Der Vorstand des Vereins besteht aus<\/p>\n<p style=\"text-align: center;\">a) \u00a0dem Vorsitzenden<\/p>\n<p style=\"text-align: center;\">b) \u00a0dem stellvertretenden Vorsitzenden<\/p>\n<p style=\"text-align: center;\">c) \u00a0dem Kassenwart<\/p>\n<p style=\"text-align: center;\">d) \u00a0dem Schriftf\u00fchrer<\/p>\n<p style=\"text-align: center;\">2) \u00a0Der Verein wird gerichtlich oder au\u00dfergerichtlich, im Sinne des \u00a7 26 BGB, durch zwei Mitglieder des Vorstandes, darunter der Vorsitzende oder der stellvertretende Vorsitzende, vertreten. Rechtsgesch\u00e4fte mit einem Gesch\u00e4ftswert \u00fcber \u20ac 200,00 sind f\u00fcr den Verein nur verbindlich, wenn die Zustimmung des Gesamtvorstandes hierzu schriftlich erteilt ist.<\/p>\n<p style=\"text-align: center;\">3) \u00a0Der<\/p>\n<p style=\"text-align: center;\">a) \u00a0dem Vorsitzenden<\/p>\n<p style=\"text-align: center;\">b) \u00a0dem stellvertretenden Vorsitzenden<\/p>\n<p style=\"text-align: center;\">c) \u00a0dem Kassenwart<\/p>\n<p style=\"text-align: center;\">d) \u00a0dem Schriftf\u00fchrer<\/p>\n<p style=\"text-align: center;\">e) \u00a0dem Wehrf\u00fchrer<\/p>\n<p style=\"text-align: center;\">f) \u00a0dem stellvertretenden Wehrf\u00fchrer<\/p>\n<p style=\"text-align: center;\">g) \u00a02 Beisitzern<\/p>\n<p style=\"text-align: center;\">4) \u00a0Ist der Wehrf\u00fchrer oder der stellvertretende Wehrf\u00fchrer Teil des Vorstandes \u00a710,1 werden die Positionen \u00a710,3e bzw. \u00a710,3f mit weiteren aktiven Beisitzern besetzt, sodass die Personenzahl der Gesamtvorstandschaft weiterhin acht ist.<\/p>\n<p style=\"text-align: center;\"><span style=\"text-decoration: underline;\">\u00a711<\/span><\/p>\n<p style=\"text-align: center;\"><span style=\"text-decoration: underline;\"> \u2028Die Zust\u00e4ndigkeit des Vorstandes \u2028<\/span><\/p>\n<p style=\"text-align: center;\">1) Der Vorstand ist f\u00fcr alle Angelegenheiten des Vereins zust\u00e4ndig, soweit sie nicht durch die Satzung einem anderen Vereinsorgan zugewiesen sind.\u2028Er hat folgende Aufgaben:<\/p>\n<p style=\"text-align: center;\">a) \u00a0Vorbereitung der Mitgliederversammlung und Aufstellung der Tagesordnung.<\/p>\n<p style=\"text-align: center;\">b) \u00a0Einberufung der Mitgliederversammlung.<\/p>\n<p style=\"text-align: center;\">c) \u00a0Ausf\u00fchrung der Beschl\u00fcsse der Mitgliederversammlung.<\/p>\n<p style=\"text-align: center;\">d) \u00a0Buchf\u00fchrung und Erstellung eines Jahresberichtes.<\/p>\n<p style=\"text-align: center;\">e) \u00a0Beschlu\u00dffassung \u00fcber Aufnahme, Streichung und Ausschlu\u00df von Mitgliedern. Der Vorstand ist verpflichtet, in allen wichtigen Angelegenheiten die Meinung des Gesamtvorstandes einzuholen.<\/p>\n<p style=\"text-align: center;\"><span style=\"text-decoration: underline;\">\u00a712 <\/span><\/p>\n<p style=\"text-align: center;\"><span style=\"text-decoration: underline;\">\u2028Amtsdauer des Vorstandes<\/span><\/p>\n<p style=\"text-align: center;\">1) Der Gesamtvorstand (au\u00dfer Wehrf\u00fchrer und stellvertretenden Wehrf\u00fchrer) wird von der Mitgliederversammlung auf die Dauer von vier Jahren gew\u00e4hlt. Er bleibt jedoch bis zur Neuwahl des Vorstandes im Amt. Jedes Vorstandsmitglied ist einzeln zu w\u00e4hlen. W\u00e4hlbar zum Vorsitzenden und zum stellvertretenden Vorsitzenden sind nur aktive<\/p>\n<p style=\"text-align: center;\">Gesamtvorstand besteht aus<\/p>\n<p style=\"text-align: center;\">Mitglieder der Freiwilligen Feuerwehr Esthal.<\/p>\n<p style=\"text-align: center;\">2) Scheidet ein Mitglied des Vorstandes w\u00e4hrend der Amtsperiode aus, so bestimmt der Gesamtvorstand ein Ersatzmitglied f\u00fcr die restliche Amtsdauer des Ausgeschiedenen.<\/p>\n<p style=\"text-align: center;\"><span style=\"text-decoration: underline;\">\u00a713<\/span><\/p>\n<p style=\"text-align: center;\"><span style=\"text-decoration: underline;\">Beschlussfassung des Vorstandes<\/span><\/p>\n<p style=\"text-align: center;\">1) \u00a0Der Vorstand fa\u00dft seine Beschl\u00fcsse im allgemeinen in Vorstandssitzungen, die vom Vorsitzenden, bei dessen Verhinderung vom stellvertretenden Vorsitzenden, schriftlich, fernm\u00fcndlich oder telegrafisch einberufen werden. In jedem Fall ist eine Einberufungsfrist von drei Tagen einzuhalten. In der Regel sollte die Einladung schriftlich und eine Woche vorher erfolgen. Der Vorstand ist beschlussf\u00e4hig wenn mindestens die H\u00e4lfte der Vorstandsmitglieder, darunter der Vorsitzende oder stellvertretende Vorsitzende, anwesend sind.<\/p>\n<p style=\"text-align: center;\">2) \u00a0Bei der Beschlu\u00dffassung entscheidet die Mehrheit. Die Vorstandssitzung leitet der Vorsitzende, bei dessen Verhinderung der stellvertretende Vorsitzende. Die Beschl\u00fcsse des Vorstandes sind zu Beweiszwecken in ein Beschlu\u00dfbuch einzutragen und vom Sitzungsleiter und Schriftf\u00fchrer zu unterschreiben. Die Niederschrift soll Ort und Zeit der Vorstandssitzung, die Namen der Teilnehmer, die gefa\u00dften Beschl\u00fcsse und das Abstimmungsergebnis enthalten.<\/p>\n<p style=\"text-align: center;\">3) \u00a0F\u00fcr den Gesamtvorstand gelten die \u00a7\u00a7 12 und 13 sinngem\u00e4\u00df.<\/p>\n<p style=\"text-align: center;\"><span style=\"text-decoration: underline;\">\u00a714<\/span><\/p>\n<p style=\"text-align: center;\"><span style=\"text-decoration: underline;\"> \u2028Mitgliederversammlung<\/span><\/p>\n<p style=\"text-align: center;\">1) \u00a0Die Mitgliederversammlung setzt sich aus den Vereinsmitgliedern zusammen und ist das oberste Beschlu\u00dforgan.<\/p>\n<p style=\"text-align: center;\">2) \u00a0Die Mitgliederversammlung wird vom Vereinsvorsitzenden oder im Verhinderungsfalle von seinem Vertreter geleitet und ist mindestens einmal j\u00e4hrlich in der Zeit von Januar bis April unter Bekanntgabe der vorgesehenen Tagesordnung mit einer Frist von vierzehn Tagen einzuberufen. Die Einberufung erfolgt schriftlich.<\/p>\n<p style=\"text-align: center;\">3) \u00a0Antr\u00e4ge auf Erg\u00e4nzung der Tagesordnung m\u00fcssen sp\u00e4testens eine Woche vor der Mitgliederversammlung dem Vorsitzenden schriftlich mitgeteilt werden.<\/p>\n<p style=\"text-align: center;\">4) \u00a0Auf Antrag von mindestens einem Drittel der Stimmberechtigten ist innerhalb einer vierw\u00f6chigen Frist eine au\u00dferordentliche Mitgliederversammlung einzuberufen. In dem Antrag m\u00fcssen die zu behandelnden Tagesordnungspunkte bezeichnet sein. Die \u00a7\u00a7 13, 14 und 15 gelten dann ebenfalls.<\/p>\n<p style=\"text-align: center;\"><span style=\"text-decoration: underline;\">\u00a715 \u2028<\/span><\/p>\n<p style=\"text-align: center;\"><span style=\"text-decoration: underline;\">Aufgaben der Mitgliederversammlung <\/span><\/p>\n<p style=\"text-align: center;\">Die Aufgaben der Mitgliederversammlung sind:<\/p>\n<p style=\"text-align: center;\">a) \u00a0Beratung und Beschlu\u00dffassung \u00fcber eingebrachte Antr\u00e4ge<\/p>\n<p style=\"text-align: center;\">b) \u00a0die Wahl der Mitglieder des Vorstandes (au\u00dfer Vorsitzenden, stellvertretenden Vorsitzenden)<\/p>\n<p style=\"text-align: center;\">c) \u00a0die Festsetzung der Mitgliedsbeitr\u00e4ge<\/p>\n<p style=\"text-align: center;\">d) \u00a0die Entlastung des Vorstandes und des Kassenverwalters<\/p>\n<p style=\"text-align: center;\">e) \u00a0die Wahl von zwei Kassenpr\u00fcfern, die alle vier Jahre zu w\u00e4hlen sind<\/p>\n<p style=\"text-align: center;\">f) \u00a0Beschlu\u00dffassung \u00fcber die Verleihung der Ehrenmitgliedschaft<\/p>\n<p style=\"text-align: center;\">g) \u00a0Beschlu\u00dffassung \u00fcber Satzungs\u00e4nderungen<\/p>\n<p style=\"text-align: center;\">h) \u00a0Entscheidung \u00fcber die Beschwerden von Mitgliedern gegen den Ausschlu\u00df aus dem Verein<\/p>\n<p style=\"text-align: center;\">i) \u00a0Beschlu\u00dffassung \u00fcber die Aufl\u00f6sung des Vereins.<\/p>\n<p style=\"text-align: center;\"><span style=\"text-decoration: underline;\">\u00a716<\/span><\/p>\n<p style=\"text-align: center;\"><span style=\"text-decoration: underline;\"> \u2028Verfahrensordnung f\u00fcr die Mitgliederversammlung \u2028<\/span><\/p>\n<p style=\"text-align: center;\">1) \u00a0Die Mitgliederversammlung ist beschlu\u00dff\u00e4hig, wenn sie ordnungsgem\u00e4\u00df eingeladen ist.<\/p>\n<p style=\"text-align: center;\">2) \u00a0Die Mitgliederversammlung beschlie\u00dft mit einfacher Mehrheit der abgegebenen Stimmen. Stimmengleichheit bedeutet Ablehnung, Satzungs\u00e4nderungen bed\u00fcrfen der Mehrheit von zwei Dritteln der abgegebenen Stimmen. Abstimmungen erfolgen grunds\u00e4tzlich offen. Die Mitgliederversammlung kann auf Antrag mit einfacher Mehrheit beschlie\u00dfen geheim abzustimmen.<\/p>\n<p style=\"text-align: center;\">3) \u00a0\u00dcber die Mitgliederversammlung ist eine Niederschrift zu fertigen, deren Richtigkeit vom Schriftf\u00fchrer und dem Vorsitzenden zu bescheinigen ist.<\/p>\n<p style=\"text-align: center;\">4) \u00a0Jedes Mitglied ist berechtigt, seine Antr\u00e4ge zur Niederschrift zu geben.<\/p>\n<p style=\"text-align: center;\">5) \u00a0F\u00fcr Wahlen gilt folgendes:\u2028Der oder die Bewerber\/in ist gew\u00e4hlt, der die meisten Stimmen erh\u00e4lt. Bei Stimmengleichheit findet eine Stichwahl statt.<\/p>\n<p style=\"text-align: center;\">6) \u00a0In der Mitgliederversammlung hat jedes Mitglied &#8211; auch ein Ehrenmitglied &#8211; Stimmrecht (ab vollendetem 16. Lebensjahr).<\/p>\n<p style=\"text-align: center;\">7) \u00a0W\u00e4hlbar in die Vorstandschaft sind Mitglieder ab vollendetem 18. Lebensjahr.<\/p>\n<p style=\"text-align: center;\">8) Stimmenh\u00e4ufung ist nicht m\u00f6glich.<\/p>\n<p style=\"text-align: center;\"><span style=\"text-decoration: underline;\">\u00a717<\/span><\/p>\n<p style=\"text-align: center;\"><span style=\"text-decoration: underline;\">Aufl\u00f6sung des Vereins<\/span><\/p>\n<p style=\"text-align: center;\">1) \u00a0Der Verein wird aufgel\u00f6st, wenn in einer hierzu einberufenen Mitgliederversammlung mindestens vier F\u00fcnftel der Mitglieder anwesend sind und mit drei Viertel der abgegebenen Stimmen die Aufl\u00f6sung beschlie\u00dfen.<\/p>\n<p style=\"text-align: center;\">2) \u00a0Ist die Mitgliederversammlung nicht beschlu\u00dff\u00e4hig, so kann nach Ablauf eines Monats eine neue Mitgliederversammlung einberufen werden, in der der Beschlu\u00df zur Aufl\u00f6sung, ohne R\u00fccksicht auf die Zahl der Stimmberechtigten, mit einer Stimmenmehrheit von drei Vierteln der anwesenden Mitgliedern gefasst werden. In der zweiten Einladung mu\u00df auf diese Bestimmung besonders hingewiesen werden.<\/p>\n<p style=\"text-align: center;\">3) \u00a0Bei Aufl\u00f6sung oder Aufhebung des Vereins, oder Wegfall seines bisherigen Zwecks, f\u00e4llt das Verm\u00f6gen des Vereins an die Ortsgemeinde Esthal, die es unmittelbar und ausschlie\u00dflich f\u00fcr Zwecke des Feuerwehrwesens in der Ortsgemeinde Esthal zu verwenden hat.<\/p>\n<p style=\"text-align: center;\"><span style=\"text-decoration: underline;\">\u00a718<\/span><\/p>\n<p style=\"text-align: center;\"><span style=\"text-decoration: underline;\"> \u2028Inkrafttreten \u2028<\/span><\/p>\n<p style=\"text-align: center;\">Diese Satzung wurde am 24.04.2007 von der Mitgliederversammlung beschlossen und tritt am 24.04.2007 in Kraft.<\/p>\n<p style=\"text-align: center;\">Esthal, den 24.04.2007\u2028 Es m\u00fcssen sieben Unterschriften folgen:<\/p>\n","protected":false},"excerpt":{"rendered":"<p>Hier k\u00f6nnen Sie die\u00a0Satzung Feuerwehr Esthal\u00a0als PDF herunterladen Vereinssatzung EIN VEREIN ZUR F\u00d6RDERUNG DES FEUERWEHRGEDANKENS \u00a71 Name, Sitz 1) \u00a0Der Verein tr\u00e4gt den Namen \u201eF\u00f6rderverein der Freiwilligen Feuerwehr Esthal\u201c 2) \u00a0Er hat die Rechtsform eines eingetragenen Vereins. 3) \u00a0Der Verein hat seinen Sitz in Esthal. 4) \u00a0Der Verein soll in das Vereinsregister des Amtsgerichtes \u2028Ludwigshafen am Rhein eingetragen werden. \u00a72 \u2028Gesch\u00e4ftsjahr 1) Das Gesch\u00e4ftsjahr des Vereins ist das Kalenderjahr. \u00a73 Gemeinn\u00fctzigkeit und Zweck 1) \u00a0Der Verein verfolgt ausschlie\u00dflich und unmittelbar gemeinn\u00fctzige Zwecke im Sinne des Abschnittes \u201eSteuerbeg\u00fcnstigte Zwecke\u201c der Abgabenordnung in der jeweils g\u00fcltigen Fassung. 2) \u00a0Der Verein ist selbstlos t\u00e4tig; er verfolgt nicht in erster Linie eigenwirtschaftliche Zwecke. 3) \u00a0Mittel des Vereins d\u00fcrfen nur f\u00fcr die satzungsgem\u00e4\u00dfen Zwecke verwendet werden. Die Mitglieder erhalten keine Zuwendungen aus Mitteln des Vereins. 4) \u00a0Der Verein hat die Aufgabe, das Feuerwehrwesen nach dem Landesgesetz \u00fcber den Brandschutz, die allgemeine Hilfe und den Katastrophenschutz&hellip;<\/p>\n","protected":false},"author":2,"featured_media":0,"parent":1731,"menu_order":2,"comment_status":"closed","ping_status":"closed","template":"","meta":{"footnotes":""},"class_list":["post-4393","page","type-page","status-publish","hentry"],"better_featured_image":null,"_links":{"self":[{"href":"https:\/\/feuerwehr-vglambrecht.de\/cms\/wp-json\/wp\/v2\/pages\/4393","targetHints":{"allow":["GET"]}}],"collection":[{"href":"https:\/\/feuerwehr-vglambrecht.de\/cms\/wp-json\/wp\/v2\/pages"}],"about":[{"href":"https:\/\/feuerwehr-vglambrecht.de\/cms\/wp-json\/wp\/v2\/types\/page"}],"author":[{"embeddable":true,"href":"https:\/\/feuerwehr-vglambrecht.de\/cms\/wp-json\/wp\/v2\/users\/2"}],"replies":[{"embeddable":true,"href":"https:\/\/feuerwehr-vglambrecht.de\/cms\/wp-json\/wp\/v2\/comments?post=4393"}],"version-history":[{"count":5,"href":"https:\/\/feuerwehr-vglambrecht.de\/cms\/wp-json\/wp\/v2\/pages\/4393\/revisions"}],"predecessor-version":[{"id":4431,"href":"https:\/\/feuerwehr-vglambrecht.de\/cms\/wp-json\/wp\/v2\/pages\/4393\/revisions\/4431"}],"up":[{"embeddable":true,"href":"https:\/\/feuerwehr-vglambrecht.de\/cms\/wp-json\/wp\/v2\/pages\/1731"}],"wp:attachment":[{"href":"https:\/\/feuerwehr-vglambrecht.de\/cms\/wp-json\/wp\/v2\/media?parent=4393"}],"curies":[{"name":"wp","href":"https:\/\/api.w.org\/{rel}","templated":true}]}}