{"id":2088,"date":"2016-01-17T12:28:51","date_gmt":"2016-01-17T11:28:51","guid":{"rendered":"http:\/\/feuerwehr-vglambrecht.de\/cms\/?page_id=2088"},"modified":"2016-02-01T17:26:52","modified_gmt":"2016-02-01T16:26:52","slug":"links","status":"publish","type":"page","link":"https:\/\/feuerwehr-vglambrecht.de\/cms\/service\/links\/","title":{"rendered":"Links"},"content":{"rendered":"<h2 style=\"text-align: center;\"><span style=\"text-decoration: underline;\">Feuerwehren im Landkreis Bad D\u00fcrkheim<\/span><\/h2>\n<p>&nbsp;<\/p>\n<p style=\"text-align: center;\"><a href=\"http:\/\/www.fez-gruenstadt-land.de\/startseite\/\" target=\"_blank\">FEZ Gr\u00fcnstadt Land<\/a><\/p>\n<p style=\"text-align: center;\"><a href=\"http:\/\/www.feuerwehr-gruenstadt.de\" target=\"_blank\">Feuerwehr Gr\u00fcnstadt<\/a><\/p>\n<p style=\"text-align: center;\"><a href=\"http:\/\/www.feuerwehr-hassloch.de\" target=\"_blank\">Feuerwehr Hassloch<\/a><\/p>\n<h2 style=\"text-align: center;\"><\/h2>\n<h2 style=\"text-align: center;\"><span style=\"text-decoration: underline;\">Umliegende Feuerwehren<\/span><\/h2>\n<p>&nbsp;<\/p>\n<p style=\"text-align: center;\"><a href=\"http:\/\/www.feuerwehr-kaiserslautern.de\" target=\"_blank\">Berufsfeuerwehr Kaiserslautern<\/a><\/p>\n<p style=\"text-align: center;\"><a href=\"http:\/\/www.feuerwehr-landau.de\" target=\"_blank\">Feuerwehr Landau\/Pfalz<\/a><\/p>\n<p style=\"text-align: center;\"><a href=\"http:\/\/www.fwnw.de\" target=\"_blank\">Feuerwehr Neustadt\/Weinstra\u00dfe<\/a><\/p>\n<p style=\"text-align: center;\"><a href=\"http:\/\/www.feuerwehr-worms.de\" target=\"_blank\">Feuerwehr Worms<\/a><\/p>\n<h2 style=\"text-align: center;\"><\/h2>\n<h2 style=\"text-align: center;\"><span style=\"text-decoration: underline;\">Weitere Hilfsorganisationen<\/span><\/h2>\n<p>&nbsp;<\/p>\n<p style=\"text-align: center;\"><a href=\"http:\/\/www.rhs-elmstein.de\" target=\"_blank\">Rettungshundestaffel Elmstein<\/a><\/p>\n<p style=\"text-align: center;\"><a href=\"http:\/\/www.rhs-weidenthal.de\" target=\"_blank\">Rettungshundestaffel Weidenthal<\/a><\/p>\n<h2 style=\"text-align: center;\"><\/h2>\n<h2 style=\"text-align: center;\"><span style=\"text-decoration: underline;\">Nachrichten aus der Region<br \/>\n<\/span><\/h2>\n<p>&nbsp;<\/p>\n<p style=\"text-align: center;\"><a href=\"http:\/\/www.mittelpfalz.de\" target=\"_blank\">Mittelpfalz<\/a><\/p>\n<p style=\"text-align: center;\"><a href=\"http:\/\/www.metropolnews.info\" target=\"_blank\">Metropolnews<\/a><\/p>\n<p>&nbsp;<\/p>\n","protected":false},"excerpt":{"rendered":"<p>Feuerwehren im Landkreis Bad D\u00fcrkheim &nbsp; FEZ Gr\u00fcnstadt Land Feuerwehr Gr\u00fcnstadt Feuerwehr Hassloch Umliegende Feuerwehren &nbsp; Berufsfeuerwehr Kaiserslautern Feuerwehr Landau\/Pfalz Feuerwehr Neustadt\/Weinstra\u00dfe Feuerwehr Worms Weitere Hilfsorganisationen &nbsp; Rettungshundestaffel Elmstein Rettungshundestaffel Weidenthal Nachrichten aus der Region &nbsp; Mittelpfalz Metropolnews &nbsp;<\/p>\n","protected":false},"author":2,"featured_media":0,"parent":948,"menu_order":1,"comment_status":"closed","ping_status":"closed","template":"","meta":{"footnotes":""},"class_list":["post-2088","page","type-page","status-publish","hentry"],"better_featured_image":null,"_links":{"self":[{"href":"https:\/\/feuerwehr-vglambrecht.de\/cms\/wp-json\/wp\/v2\/pages\/2088","targetHints":{"allow":["GET"]}}],"collection":[{"href":"https:\/\/feuerwehr-vglambrecht.de\/cms\/wp-json\/wp\/v2\/pages"}],"about":[{"href":"https:\/\/feuerwehr-vglambrecht.de\/cms\/wp-json\/wp\/v2\/types\/page"}],"author":[{"embeddable":true,"href":"https:\/\/feuerwehr-vglambrecht.de\/cms\/wp-json\/wp\/v2\/users\/2"}],"replies":[{"embeddable":true,"href":"https:\/\/feuerwehr-vglambrecht.de\/cms\/wp-json\/wp\/v2\/comments?post=2088"}],"version-history":[{"count":20,"href":"https:\/\/feuerwehr-vglambrecht.de\/cms\/wp-json\/wp\/v2\/pages\/2088\/revisions"}],"predecessor-version":[{"id":2091,"href":"https:\/\/feuerwehr-vglambrecht.de\/cms\/wp-json\/wp\/v2\/pages\/2088\/revisions\/2091"}],"up":[{"embeddable":true,"href":"https:\/\/feuerwehr-vglambrecht.de\/cms\/wp-json\/wp\/v2\/pages\/948"}],"wp:attachment":[{"href":"https:\/\/feuerwehr-vglambrecht.de\/cms\/wp-json\/wp\/v2\/media?parent=2088"}],"curies":[{"name":"wp","href":"https:\/\/api.w.org\/{rel}","templated":true}]}}