{"id":1737,"date":"2015-12-27T18:10:54","date_gmt":"2015-12-27T17:10:54","guid":{"rendered":"http:\/\/feuerwehr-vglambrecht.de\/cms\/?page_id=1737"},"modified":"2016-09-20T12:06:36","modified_gmt":"2016-09-20T10:06:36","slug":"neidenfels","status":"publish","type":"page","link":"https:\/\/feuerwehr-vglambrecht.de\/cms\/foerderverein\/neidenfels\/","title":{"rendered":"Neidenfels"},"content":{"rendered":"<style>\n#formhead {  background-color: rgba(0, 0, 0, 0.1);padding: 7px; border-radius: 4px;color: #820005 !important;}#formhead a{color: #820005 !important;}<\/style>\n<div id=\"formhead\"><center><\/p>\n<h1><a href=\"https:\/\/feuerwehr-vglambrecht.de\/cms\/foerderverein\/neidenfels\/mitgliedsantrag\/\">Mitgliedsantrag<\/a> <a href=\"https:\/\/feuerwehr-vglambrecht.de\/cms\/foerderverein\/neidenfels\/satzung\/\">Satzung<\/a>\u00a0<a href=\"https:\/\/feuerwehr-vglambrecht.de\/cms\/foerderverein\/neidenfels\/termine\/\">Termine<\/a> \u00a0<a href=\"https:\/\/feuerwehr-vglambrecht.de\/cms\/foerderverein\/neidenfels\/vorstand\/\">Vorstand<\/a><\/h1>\n<p><\/center><\/div>\n<p><\/br><br \/>\nDer F\u00f6rderverein der Feuerwehr Neidenfels wurde am 06.11.1995 durch die ehemaligen Feuerwehrangeh\u00f6rigen Fa\u00dfbender Reinhold, Neubert Ronald, Schneid G\u00fcnther, Schott Manfred, gegr\u00fcndet.<\/p>\n<p>Viele B\u00fcrger werden sich die Frage schon gestellt haben: \u201c Warum soll ein F\u00f6rderverein die Feuerwehr unterst\u00fctzen? Das ist doch eigentlich Sache der Gemeindeverwaltung!\u201d Diese Feststellung ist richtig. Der Gesetzgeber hat die Kommunen als Kostentr\u00e4ger der Feuerwehren verpflichtet, die Ausstattung und Schulung finanziell zu tragen.<\/p>\n<p>Der Kostentr\u00e4ger &#8211; die Verbandsgemeinde Lambrecht kommt ihren Verpflichtungen im Brandschutzwesen in vollem Umfang nach.<\/p>\n<p>Gedanke ist, die Feuerwehr der B\u00fcrger \u00fcber die DIN &#8211; Vorschriften hinaus auszur\u00fcsten und dadurch die Effektivit\u00e4t in der Brandbek\u00e4mpfung und der technischen Hilfeleistung zu steigern. Die Einsatzst\u00e4rke der Feuerwehr wird somit erheblich verbessert, was der Sicherheit der B\u00fcrger der VG Lambrecht von Nutzen ist.<\/p>\n<p>Die Anschaffungskosten daf\u00fcr werden vom F\u00f6rderverein getragen, Dadurch ist die Flexibilit\u00e4t und Effektivit\u00e4t beim Einsatz enorm gesteigert. Alle finanziellen Mittel, die der Verein zur Verf\u00fcgung hat, werden f\u00fcr die Feuerwehr verwendet und so direkt zum Wohl der B\u00fcrger bereitgestellt. Die gestiegenen Anforderungen im Brandschutz, bei technischen Hilfeleistungen und der Abwehr von Umweltgefahren erfordern neben besonderer Fachkenntnis der Feuerwehrm\u00e4nner- und Frauen auch umfangreiche Spezialger\u00e4te und Ausr\u00fcstungsgegenst\u00e4nde, um diese umfangreichen Aufgaben gerecht zu werden. Der F\u00f6rderverein verfolgt das Ziel der ideellen und finanziellen Unterst\u00fctzung ,um dort zu helfen, wo es die M\u00f6glichkeiten und Mindestpflichten der Kommunen \u00fcbersteigt. Durch die vom Finanzamt anerkannte Gemeinn\u00fctzigkeit des Vereins ist dieser berechtigt, entsprechende Spendenbescheinigungen auszustellen.<\/p>\n<p>Der Jahresbeitrag des Vereines betr\u00e4gt:<\/p>\n<ul>\n<li>19 Euro f\u00fcr Erwachsene<\/li>\n<li>13 Euro f\u00fcr Sch\u00fcler und Rentner<\/li>\n<li>31 Euro f\u00fcr Familien<\/li>\n<\/ul>\n","protected":false},"excerpt":{"rendered":"<p>Mitgliedsantrag Satzung\u00a0Termine \u00a0Vorstand Der F\u00f6rderverein der Feuerwehr Neidenfels wurde am 06.11.1995 durch die ehemaligen Feuerwehrangeh\u00f6rigen Fa\u00dfbender Reinhold, Neubert Ronald, Schneid G\u00fcnther, Schott Manfred, gegr\u00fcndet. Viele B\u00fcrger werden sich die Frage schon gestellt haben: \u201c Warum soll ein F\u00f6rderverein die Feuerwehr unterst\u00fctzen? Das ist doch eigentlich Sache der Gemeindeverwaltung!\u201d Diese Feststellung ist richtig. Der Gesetzgeber hat die Kommunen als Kostentr\u00e4ger der Feuerwehren verpflichtet, die Ausstattung und Schulung finanziell zu tragen. Der Kostentr\u00e4ger &#8211; die Verbandsgemeinde Lambrecht kommt ihren Verpflichtungen im Brandschutzwesen in vollem Umfang nach. Gedanke ist, die Feuerwehr der B\u00fcrger \u00fcber die DIN &#8211; Vorschriften hinaus auszur\u00fcsten und dadurch die Effektivit\u00e4t in der Brandbek\u00e4mpfung und der technischen Hilfeleistung zu steigern. Die Einsatzst\u00e4rke der Feuerwehr wird somit erheblich verbessert, was der Sicherheit der B\u00fcrger der VG Lambrecht von Nutzen ist. Die Anschaffungskosten daf\u00fcr werden vom F\u00f6rderverein getragen, Dadurch ist die Flexibilit\u00e4t und Effektivit\u00e4t beim Einsatz enorm gesteigert. Alle finanziellen Mittel, die&hellip;<\/p>\n","protected":false},"author":2,"featured_media":0,"parent":946,"menu_order":5,"comment_status":"closed","ping_status":"closed","template":"","meta":{"footnotes":""},"class_list":["post-1737","page","type-page","status-publish","hentry"],"better_featured_image":null,"_links":{"self":[{"href":"https:\/\/feuerwehr-vglambrecht.de\/cms\/wp-json\/wp\/v2\/pages\/1737","targetHints":{"allow":["GET"]}}],"collection":[{"href":"https:\/\/feuerwehr-vglambrecht.de\/cms\/wp-json\/wp\/v2\/pages"}],"about":[{"href":"https:\/\/feuerwehr-vglambrecht.de\/cms\/wp-json\/wp\/v2\/types\/page"}],"author":[{"embeddable":true,"href":"https:\/\/feuerwehr-vglambrecht.de\/cms\/wp-json\/wp\/v2\/users\/2"}],"replies":[{"embeddable":true,"href":"https:\/\/feuerwehr-vglambrecht.de\/cms\/wp-json\/wp\/v2\/comments?post=1737"}],"version-history":[{"count":7,"href":"https:\/\/feuerwehr-vglambrecht.de\/cms\/wp-json\/wp\/v2\/pages\/1737\/revisions"}],"predecessor-version":[{"id":4667,"href":"https:\/\/feuerwehr-vglambrecht.de\/cms\/wp-json\/wp\/v2\/pages\/1737\/revisions\/4667"}],"up":[{"embeddable":true,"href":"https:\/\/feuerwehr-vglambrecht.de\/cms\/wp-json\/wp\/v2\/pages\/946"}],"wp:attachment":[{"href":"https:\/\/feuerwehr-vglambrecht.de\/cms\/wp-json\/wp\/v2\/media?parent=1737"}],"curies":[{"name":"wp","href":"https:\/\/api.w.org\/{rel}","templated":true}]}}