{"id":1735,"date":"2015-12-27T18:10:25","date_gmt":"2015-12-27T17:10:25","guid":{"rendered":"http:\/\/feuerwehr-vglambrecht.de\/cms\/?page_id=1735"},"modified":"2023-08-12T21:30:06","modified_gmt":"2023-08-12T19:30:06","slug":"lambrecht","status":"publish","type":"page","link":"https:\/\/feuerwehr-vglambrecht.de\/cms\/foerderverein\/lambrecht\/","title":{"rendered":"Lambrecht"},"content":{"rendered":"<style>\n#formhead {  background-color: rgba(0, 0, 0, 0.1);padding: 7px; border-radius: 4px;color: #820005 !important;}#formhead a{color: #820005 !important;}<\/style>\n<div id=\"formhead\">\n<h3 style=\"text-align: center;\"><b>F\u00f6rderverein der Freiwilligen Feuerwehr Lambrecht (Pfalz) e. V.<\/b><\/h3>\n<h5 style=\"text-align: center;\"><a href=\"https:\/\/feuerwehr-vglambrecht.de\/cms\/foerderverein\/lambrecht\/vorstand\/\">Vorstand<\/a><\/h5>\n<h5 style=\"text-align: center;\"><a href=\"https:\/\/feuerwehr-vglambrecht.de\/cms\/foerderverein\/lambrecht\/mitgliedsantrag\/\">Mitgliedsantrag<\/a><\/h5>\n<h5 style=\"text-align: center;\"><a href=\"https:\/\/feuerwehr-vglambrecht.de\/cms\/foerderverein\/lambrecht\/beitragsordnung\/\">Beitragsordnung<\/a><\/h5>\n<h5 style=\"text-align: center;\"><a href=\"https:\/\/feuerwehr-vglambrecht.de\/cms\/foerderverein\/lambrecht\/satzung\/\">Satzung<\/a><\/h5>\n<h5 style=\"text-align: center;\"><a href=\"https:\/\/feuerwehr-vglambrecht.de\/cms\/foerderverein\/lambrecht\/termine\/\">Termine<\/a><\/h5>\n<h5 style=\"text-align: center;\"><a href=\"https:\/\/feuerwehr-vglambrecht.de\/cms\/foerderverein\/lambrecht\/datenschutzerklaerung\/\">Datenschutzerkl\u00e4rung<\/a><\/h5>\n<\/div>\n<p>&nbsp;<\/p>\n<p>Sehr geehrte B\u00fcrger, liebe In\u00adte\u00adr\u00ades\u00adsenten,<\/p>\n<p>am 27.09.1996 wurde der <b>F\u00f6rderverein der Freiwilligen Feuerwehr Lambrecht (Pfalz) e. V.<\/b> gegr\u00fcndet. Dieser hat sich zur satzungsgem\u00e4\u00dfen Aufgabe gemacht, das Feuerwehrwesen und die Arbeit der Jugendfeuerwehr in der Stadt Lambrecht zu unterst\u00fctzen.<\/p>\n<p>Ziel ist es, die Feuerwehr in ihrer Aufgabe nach dem Landesgesetz \u00fcber den Brand- und Katastrophenschutz dort zu unterst\u00fctzen, wo die Gelder des Aufgabentr\u00e4gers, in unserem Fall die Verbandsgemeindeverwaltung Lambrecht (Pfalz), fehlen bzw. eine gesetzliche Grundlage vakant ist. So werden Ausr\u00fcstungsgegenst\u00e4nde, Schutzkleidung und moderne Ausbildungsmittel angeschafft. Mit diesen Investitionen soll zu einer deutlichen Erleichterung der teilweise sehr schwierigen Einsatzabarbeitung und zur F\u00f6rderung der Kameradschaft beigetragen werden.<\/p>\n<p>Aber auch die Jugendfeuerwehr wird in ihrer Arbeit unterst\u00fctzt, da diese den Nachwuchs der Wehr Lambrecht sichert. Eine gute Jugendarbeit tr\u00e4gt ma\u00dfgeblich zum Erhalt einer leistungsf\u00e4higen und motivierten Feuerwehr zum Wohl der Bev\u00f6lkerung der Stadt Lambrecht und der Verbandsgemeinde bei.<\/p>\n<p>Um der langen Tradition des Feuerwesens bewusst zu bleiben, betreiben und pflegen wir Bew\u00e4hrtes. Die Mitgliedschaft unserer Kameradinnen und Kameraden endet nicht automatisch mit dem Ausscheiden aus dem aktiven Einsatzdienst. Von einem solch gro\u00dfen Erfahrungsschatz wollen und sollen die jungen Retter profitieren. Die Alters- und Ehrenabteilung stellt den dritten, wichtigen Pfeiler unserer Vereinsarbeit dar.<\/p>\n<p>Um diesen Vereinsaufgaben gerecht zu werden, sind wir f\u00fcr jede Spende und jede f\u00f6rdernde Mitgliedschaft dankbar. Gern k\u00f6nnen Sie sich bei unserem Vorstand oder allen aktiven Feuerwehrkameradinnen und \u2013kameraden \u00fcber uns und auch die Arbeit der Feuerwehr informieren.<\/p>\n<p>Auch Sie k\u00f6nnen uns helfen, <u>werden Sie Mitglied<\/u> im F\u00f6rderverein der Feuerwehr Lambrecht.<\/p>\n<p>Sie m\u00f6chten kein Mitglied werden, aber dennoch unsere wichtige Arbeit unterst\u00fctzen? Nicht nur das pers\u00f6nliche Mitwirken hilft unseren Helfern, auch monet\u00e4re Zuwendungen f\u00f6rdern unsere Arbeit. Gerne d\u00fcrfen Sie an die untenstehende Bankverbindung eine Spende t\u00e4tigen. Eine entsprechende Spendenquittung k\u00f6nnen Sie \u00fcber den Vorstand erhalten.<\/p>\n<p>Nun haben Sie einen ersten \u00dcberblick, was wir als F\u00f6rderverein leisten m\u00f6chten. Wir w\u00fcnschen Ihnen im Positiven, dass unsere Feuerwehr Sie nie Zuhause besuchen muss. Wenn doch, m\u00f6chten wir stets dem Leitspruch der Feuerwehren folgen:<\/p>\n<p style=\"text-align: center;\"><b>Gott zur Ehr, dem N\u00e4chsten zur Wehr.<\/b><\/p>\n<p><span style=\"font-family: Lucida Handwriting; color: #333399;\">Ihr F\u00f6rderverein der Freiwilligen Feuerwehr Lambrecht (Pfalz) e. V.<\/span><\/p>\n<p>&nbsp;<\/p>\n<table border=\"0\" width=\"75%\" cellpadding=\"1\">\n<tbody>\n<tr>\n<td align=\"left\"><u>Kontoverbindung<\/u><\/td>\n<td style=\"text-align: left;\" align=\"center\"><\/td>\n<\/tr>\n<tr>\n<td style=\"text-align: left;\" colspan=\"2\" align=\"center\">F\u00f6rderverein der Freiw. Feuerwehr Lambrecht<\/td>\n<td style=\"text-align: left;\" align=\"center\"><\/td>\n<\/tr>\n<tr>\n<td style=\"text-align: left;\" align=\"center\">Bank<\/td>\n<td style=\"text-align: left;\" align=\"center\">Vereinigte VR Bank Kur- und Rheinpfalz eG<\/td>\n<\/tr>\n<tr>\n<td style=\"text-align: left;\" align=\"center\">IBAN<\/td>\n<td style=\"text-align: left;\" align=\"center\">DE71 5479 0000 0103 2915 00<\/td>\n<\/tr>\n<tr>\n<td style=\"text-align: left;\" align=\"center\">BIC<\/td>\n<td style=\"text-align: left;\" align=\"center\">GENODE61SPE<\/td>\n<\/tr>\n<\/tbody>\n<\/table>\n","protected":false},"excerpt":{"rendered":"<p>F\u00f6rderverein der Freiwilligen Feuerwehr Lambrecht (Pfalz) e. V. Vorstand Mitgliedsantrag Beitragsordnung Satzung Termine Datenschutzerkl\u00e4rung &nbsp; Sehr geehrte B\u00fcrger, liebe In\u00adte\u00adr\u00ades\u00adsenten, am 27.09.1996 wurde der F\u00f6rderverein der Freiwilligen Feuerwehr Lambrecht (Pfalz) e. V. gegr\u00fcndet. Dieser hat sich zur satzungsgem\u00e4\u00dfen Aufgabe gemacht, das Feuerwehrwesen und die Arbeit der Jugendfeuerwehr in der Stadt Lambrecht zu unterst\u00fctzen. Ziel ist es, die Feuerwehr in ihrer Aufgabe nach dem Landesgesetz \u00fcber den Brand- und Katastrophenschutz dort zu unterst\u00fctzen, wo die Gelder des Aufgabentr\u00e4gers, in unserem Fall die Verbandsgemeindeverwaltung Lambrecht (Pfalz), fehlen bzw. eine gesetzliche Grundlage vakant ist. So werden Ausr\u00fcstungsgegenst\u00e4nde, Schutzkleidung und moderne Ausbildungsmittel angeschafft. Mit diesen Investitionen soll zu einer deutlichen Erleichterung der teilweise sehr schwierigen Einsatzabarbeitung und zur F\u00f6rderung der Kameradschaft beigetragen werden. Aber auch die Jugendfeuerwehr wird in ihrer Arbeit unterst\u00fctzt, da diese den Nachwuchs der Wehr Lambrecht sichert. Eine gute Jugendarbeit tr\u00e4gt ma\u00dfgeblich zum Erhalt einer leistungsf\u00e4higen und motivierten Feuerwehr zum Wohl&hellip;<\/p>\n","protected":false},"author":2,"featured_media":0,"parent":946,"menu_order":4,"comment_status":"closed","ping_status":"closed","template":"","meta":{"footnotes":""},"class_list":["post-1735","page","type-page","status-publish","hentry"],"better_featured_image":null,"_links":{"self":[{"href":"https:\/\/feuerwehr-vglambrecht.de\/cms\/wp-json\/wp\/v2\/pages\/1735","targetHints":{"allow":["GET"]}}],"collection":[{"href":"https:\/\/feuerwehr-vglambrecht.de\/cms\/wp-json\/wp\/v2\/pages"}],"about":[{"href":"https:\/\/feuerwehr-vglambrecht.de\/cms\/wp-json\/wp\/v2\/types\/page"}],"author":[{"embeddable":true,"href":"https:\/\/feuerwehr-vglambrecht.de\/cms\/wp-json\/wp\/v2\/users\/2"}],"replies":[{"embeddable":true,"href":"https:\/\/feuerwehr-vglambrecht.de\/cms\/wp-json\/wp\/v2\/comments?post=1735"}],"version-history":[{"count":28,"href":"https:\/\/feuerwehr-vglambrecht.de\/cms\/wp-json\/wp\/v2\/pages\/1735\/revisions"}],"predecessor-version":[{"id":11857,"href":"https:\/\/feuerwehr-vglambrecht.de\/cms\/wp-json\/wp\/v2\/pages\/1735\/revisions\/11857"}],"up":[{"embeddable":true,"href":"https:\/\/feuerwehr-vglambrecht.de\/cms\/wp-json\/wp\/v2\/pages\/946"}],"wp:attachment":[{"href":"https:\/\/feuerwehr-vglambrecht.de\/cms\/wp-json\/wp\/v2\/media?parent=1735"}],"curies":[{"name":"wp","href":"https:\/\/api.w.org\/{rel}","templated":true}]}}