{"id":1733,"date":"2015-12-27T18:10:05","date_gmt":"2015-12-27T17:10:05","guid":{"rendered":"http:\/\/feuerwehr-vglambrecht.de\/cms\/?page_id=1733"},"modified":"2024-11-05T21:58:36","modified_gmt":"2024-11-05T20:58:36","slug":"iggelbach","status":"publish","type":"page","link":"https:\/\/feuerwehr-vglambrecht.de\/cms\/iggelbach\/","title":{"rendered":"Iggelbach"},"content":{"rendered":"<p>&nbsp;<\/p>\n<div id=\"formhead\">\n<p>&nbsp;<\/p>\n<h1 style=\"text-align: center;\"><a href=\"https:\/\/feuerwehr-vglambrecht.de\/cms\/iggelbach\/mitgliedsantrag_igb\/\">Mitgliedsantrag<\/a> <a href=\"https:\/\/feuerwehr-vglambrecht.de\/cms\/foerderverein\/iggelbach\/satzung\/\">Satzung<\/a><\/h1>\n<p>&nbsp;<\/p>\n<h1 style=\"text-align: center;\">\u00a0<a href=\"https:\/\/feuerwehr-vglambrecht.de\/cms\/foerderverein\/iggelbach\/termine\/\">Termine<\/a> \u00a0<a href=\"https:\/\/feuerwehr-vglambrecht.de\/cms\/iggelbach\/vorstand\/\">Vorstand<\/a><\/h1>\n<\/div>\n<p>&nbsp;<\/p>\n<p style=\"text-align: center;\">Der F\u00f6rderverein der Freiwilligen Feuerwehr Iggelbach hat sich 1996 gegr\u00fcndet und dient dem Wohl der Feuerwehr. Der Verein z\u00e4hlt derzeit 112 Mitglieder.<\/p>\n<p style=\"text-align: center;\">Ziel des Vereins ist es die Wehr finanziell zu unterst\u00fctzen. Verwirklicht wird dies mithilfe der Mitglieder und deren Beitr\u00e4gen sowie Festivit\u00e4ten wie das Schlachtfest und das Feuerwehrfest . \u00a0Erg\u00e4nzende Ausr\u00fcstung und bereits das zweite Mannschaftstransportfahrzeug sind das Resultat dieses Engagement.<\/p>\n","protected":false},"excerpt":{"rendered":"<p>&nbsp; &nbsp; Mitgliedsantrag Satzung &nbsp; \u00a0Termine \u00a0Vorstand &nbsp; Der F\u00f6rderverein der Freiwilligen Feuerwehr Iggelbach hat sich 1996 gegr\u00fcndet und dient dem Wohl der Feuerwehr. Der Verein z\u00e4hlt derzeit 112 Mitglieder. Ziel des Vereins ist es die Wehr finanziell zu unterst\u00fctzen. Verwirklicht wird dies mithilfe der Mitglieder und deren Beitr\u00e4gen sowie Festivit\u00e4ten wie das Schlachtfest und das Feuerwehrfest . \u00a0Erg\u00e4nzende Ausr\u00fcstung und bereits das zweite Mannschaftstransportfahrzeug sind das Resultat dieses Engagement.<\/p>\n","protected":false},"author":2,"featured_media":0,"parent":0,"menu_order":3,"comment_status":"closed","ping_status":"closed","template":"","meta":{"footnotes":""},"class_list":["post-1733","page","type-page","status-publish","hentry"],"better_featured_image":null,"_links":{"self":[{"href":"https:\/\/feuerwehr-vglambrecht.de\/cms\/wp-json\/wp\/v2\/pages\/1733","targetHints":{"allow":["GET"]}}],"collection":[{"href":"https:\/\/feuerwehr-vglambrecht.de\/cms\/wp-json\/wp\/v2\/pages"}],"about":[{"href":"https:\/\/feuerwehr-vglambrecht.de\/cms\/wp-json\/wp\/v2\/types\/page"}],"author":[{"embeddable":true,"href":"https:\/\/feuerwehr-vglambrecht.de\/cms\/wp-json\/wp\/v2\/users\/2"}],"replies":[{"embeddable":true,"href":"https:\/\/feuerwehr-vglambrecht.de\/cms\/wp-json\/wp\/v2\/comments?post=1733"}],"version-history":[{"count":11,"href":"https:\/\/feuerwehr-vglambrecht.de\/cms\/wp-json\/wp\/v2\/pages\/1733\/revisions"}],"predecessor-version":[{"id":13185,"href":"https:\/\/feuerwehr-vglambrecht.de\/cms\/wp-json\/wp\/v2\/pages\/1733\/revisions\/13185"}],"wp:attachment":[{"href":"https:\/\/feuerwehr-vglambrecht.de\/cms\/wp-json\/wp\/v2\/media?parent=1733"}],"curies":[{"name":"wp","href":"https:\/\/api.w.org\/{rel}","templated":true}]}}