{"id":1725,"date":"2015-12-27T18:02:31","date_gmt":"2015-12-27T17:02:31","guid":{"rendered":"http:\/\/feuerwehr-vglambrecht.de\/cms\/?page_id=1725"},"modified":"2020-10-22T16:20:26","modified_gmt":"2020-10-22T14:20:26","slug":"lambrecht","status":"publish","type":"page","link":"https:\/\/feuerwehr-vglambrecht.de\/cms\/jugend\/lambrecht\/","title":{"rendered":"Lambrecht"},"content":{"rendered":"<p>Die Jugendfeuerwehr Lambrecht (Pfalz) wurde im Jahre 2001 gegr\u00fcndet. Die Aufgaben einer Jugendfeuerwehr sind vielf\u00e4ltig. Die Hauptaufgabe ist die Kinder und Jugendliche im Alter von 10 bis 16 Jahren auf den &#8222;aktiven Dienst&#8220; (Einsatzdienst) vorzubereiten. Es wird daher das Fachwissen in den Bereichen der Brandbek\u00e4mpfung und technischen Hilfeleistung spielerisch und altersgerecht beigebracht. Da der Fuhrpark der Feuerwehr Lambrecht einige Fahrzeuge zu bieten hat, werden die Heranwachsenden vielf\u00e4ltig ausgebildet. Neben den w\u00f6chentlich stattfindenen \u00dcbungen werden an Kreiszeltlagern vom Landkreis Bad D\u00fcrkheim teilgenommen. Au\u00dferdem werden viele gemeinsame Ausfl\u00fcge und Aktivit\u00e4ten durchgef\u00fchrt. Ein Highlight ist der 24 Stunden Tag, an diesem die &#8222;jungen&#8220; Feuerwehrleute den Ablauf, wie in einer Berufsfeuerwehr miterleben d\u00fcrfen. Es werden in diesem Zeitraum realit\u00e4tsnahe Eins\u00e4tze aber auch \u00dcbungen und gemeinschaftliche T\u00e4tigkeiten wie z.B. kochen oder sportliche Aktivit\u00e4ten stattfinden.<\/p>\n<p>Die Jugendfeuerwehr Lambrecht besteht zurzeit aus 5 Ausbildern und bildet 16 Kinder und Jugendliche im Alter von 10 bis 16 Jahren aus.<\/p>\n<p>Wir sind ein junges dynamisches Ausbilderteam und pflegen ein lustiges und freundschaftliches Klima in diesem jeder einen Teil in der Gemeinschaft beitragen kann.<\/p>\n<p>Kommt und \u00fcberzeugt euch selbst davon!<\/p>\n<p>&nbsp;<\/p>\n<p><em>Wann?<\/em><\/p>\n<p>jeden Montag ab 17:45 Uhr bis 19:30 Uhr<\/p>\n<p><em>Wo?<\/em><\/p>\n<p>Freiwillige Feuerwehr Lambrecht (Pfalz)<\/p>\n<p>Hauptstra\u00dfe 103a<\/p>\n<p>67466 Lambrecht<\/p>\n<p>&nbsp;<\/p>\n<p><em>Kontakt:<\/em><\/p>\n<p>Jugendfeuerwehrwart:\u00a0\u00a0\u00a0 \u00a0 \u00a0 \u00a0 \u00a0 \u00a0 \u00a0 \u00a0 \u00a0 \u00a0 \u00a0 \u00a0 \u00a0 \u00a0 \u00a0 \u00a0 Yannik Munzinger<\/p>\n<p>stellv. Jugendfeuerwehrwart:\u00a0\u00a0\u00a0\u00a0\u00a0\u00a0\u00a0\u00a0\u00a0\u00a0\u00a0\u00a0\u00a0\u00a0\u00a0\u00a0\u00a0\u00a0\u00a0\u00a0\u00a0\u00a0\u00a0 Simon Lukas Nowotny<\/p>\n","protected":false},"excerpt":{"rendered":"<p>Die Jugendfeuerwehr Lambrecht (Pfalz) wurde im Jahre 2001 gegr\u00fcndet. Die Aufgaben einer Jugendfeuerwehr sind vielf\u00e4ltig. Die Hauptaufgabe ist die Kinder und Jugendliche im Alter von 10 bis 16 Jahren auf den &#8222;aktiven Dienst&#8220; (Einsatzdienst) vorzubereiten. Es wird daher das Fachwissen in den Bereichen der Brandbek\u00e4mpfung und technischen Hilfeleistung spielerisch und altersgerecht beigebracht. Da der Fuhrpark der Feuerwehr Lambrecht einige Fahrzeuge zu bieten hat, werden die Heranwachsenden vielf\u00e4ltig ausgebildet. Neben den w\u00f6chentlich stattfindenen \u00dcbungen werden an Kreiszeltlagern vom Landkreis Bad D\u00fcrkheim teilgenommen. Au\u00dferdem werden viele gemeinsame Ausfl\u00fcge und Aktivit\u00e4ten durchgef\u00fchrt. Ein Highlight ist der 24 Stunden Tag, an diesem die &#8222;jungen&#8220; Feuerwehrleute den Ablauf, wie in einer Berufsfeuerwehr miterleben d\u00fcrfen. Es werden in diesem Zeitraum realit\u00e4tsnahe Eins\u00e4tze aber auch \u00dcbungen und gemeinschaftliche T\u00e4tigkeiten wie z.B. kochen oder sportliche Aktivit\u00e4ten stattfinden. Die Jugendfeuerwehr Lambrecht besteht zurzeit aus 5 Ausbildern und bildet 16 Kinder und Jugendliche im Alter von 10 bis 16 Jahren&hellip;<\/p>\n","protected":false},"author":16,"featured_media":0,"parent":942,"menu_order":2,"comment_status":"closed","ping_status":"closed","template":"","meta":{"footnotes":""},"class_list":["post-1725","page","type-page","status-publish","hentry"],"better_featured_image":null,"_links":{"self":[{"href":"https:\/\/feuerwehr-vglambrecht.de\/cms\/wp-json\/wp\/v2\/pages\/1725","targetHints":{"allow":["GET"]}}],"collection":[{"href":"https:\/\/feuerwehr-vglambrecht.de\/cms\/wp-json\/wp\/v2\/pages"}],"about":[{"href":"https:\/\/feuerwehr-vglambrecht.de\/cms\/wp-json\/wp\/v2\/types\/page"}],"author":[{"embeddable":true,"href":"https:\/\/feuerwehr-vglambrecht.de\/cms\/wp-json\/wp\/v2\/users\/16"}],"replies":[{"embeddable":true,"href":"https:\/\/feuerwehr-vglambrecht.de\/cms\/wp-json\/wp\/v2\/comments?post=1725"}],"version-history":[{"count":17,"href":"https:\/\/feuerwehr-vglambrecht.de\/cms\/wp-json\/wp\/v2\/pages\/1725\/revisions"}],"predecessor-version":[{"id":9132,"href":"https:\/\/feuerwehr-vglambrecht.de\/cms\/wp-json\/wp\/v2\/pages\/1725\/revisions\/9132"}],"up":[{"embeddable":true,"href":"https:\/\/feuerwehr-vglambrecht.de\/cms\/wp-json\/wp\/v2\/pages\/942"}],"wp:attachment":[{"href":"https:\/\/feuerwehr-vglambrecht.de\/cms\/wp-json\/wp\/v2\/media?parent=1725"}],"curies":[{"name":"wp","href":"https:\/\/api.w.org\/{rel}","templated":true}]}}