{"id":1706,"date":"2015-12-27T17:29:41","date_gmt":"2015-12-27T16:29:41","guid":{"rendered":"http:\/\/feuerwehr-vglambrecht.de\/cms\/?page_id=1706"},"modified":"2023-02-21T17:25:32","modified_gmt":"2023-02-21T16:25:32","slug":"fez-team","status":"publish","type":"page","link":"https:\/\/feuerwehr-vglambrecht.de\/cms\/einheiten\/fez-team\/","title":{"rendered":"FEZ Team"},"content":{"rendered":"<p>&nbsp;<\/p>\n<h3 style=\"text-align: center;\"><span style=\"text-decoration: underline;\">Herzlich Willkommen beim FEZ Team<\/span><\/h3>\n<p style=\"font-weight: 400;\">Die Feuerwehreinsatzzentrale (FEZ) der Verbandsgemeinde Lambrecht befindet sich im Ger\u00e4tehaus der Feuerwehr Lambrecht. Die Mitglieder des FEZ-Teams besetzen die FEZ und den Einsatzleitwagen (ELW) der Verbandsgemeinde Lambrecht, der ebenfalls in Lambrecht stationiert ist.<\/p>\n<p style=\"font-weight: 400;\">Ab der Einsatzstufe 2 wird das FEZ-Team von der Integrierten Leitstelle Ludwigshafen alarmiert. Bei kleineren Eins\u00e4tzen (Einsatzstufe 1) \u00fcbernimmt die T\u00e4tigkeit der FEZ die Feuerwehr Neustadt an der Weinstra\u00dfe, die \u00fcber eine rund um die Uhr besetzte Feuerwehreinsatzzentrale\u00a0verf\u00fcgt.<\/p>\n<p style=\"font-weight: 400;\">Nach erfolgter Alarmbest\u00e4tigung bei der Integrierten Leitstelle Ludwigshafen \u201e\u00fcbernimmt\u201d die FEZ den Einsatz. W\u00e4hrend des laufenden Einsatzes stellt Sie die Information und Kommunikation zwischen Einsatzstelle mit anderen Stellen (Polizei, Rettungsdienst oder Beh\u00f6rden) \u00fcber Funk oder Telefon sicher und erledigt Aufgaben nach Weisung des Einsatzleiters (z.B. Nachalarmierung weiterer Kr\u00e4fte). Des Weiteren ist die FEZ f\u00fcr die Dokumentation des Einsatzes zust\u00e4ndig.<\/p>\n<p>&nbsp;<\/p>\n<p style=\"font-weight: 400;\"><strong><u>Ausstattung:<\/u><\/strong><\/p>\n<p>&nbsp;<\/p>\n<p style=\"font-weight: 400;\">2 gleichwertige PC-Arbeitspl\u00e4tze mit Funkbedienkonsole<\/p>\n<p style=\"font-weight: 400;\">3 Digitalfunkger\u00e4te<\/p>\n<p style=\"font-weight: 400;\">1 analog Funkger\u00e4t<\/p>\n<p style=\"font-weight: 400;\">1 Digitalen Alarmgeber (DAG)<\/p>\n<p style=\"font-weight: 400;\">1 Drucker<\/p>\n<p style=\"font-weight: 400;\">1 Faxger\u00e4t<\/p>\n<p style=\"font-weight: 400;\">\n","protected":false},"excerpt":{"rendered":"<p>&nbsp; Herzlich Willkommen beim FEZ Team Die Feuerwehreinsatzzentrale (FEZ) der Verbandsgemeinde Lambrecht befindet sich im Ger\u00e4tehaus der Feuerwehr Lambrecht. Die Mitglieder des FEZ-Teams besetzen die FEZ und den Einsatzleitwagen (ELW) der Verbandsgemeinde Lambrecht, der ebenfalls in Lambrecht stationiert ist. Ab der Einsatzstufe 2 wird das FEZ-Team von der Integrierten Leitstelle Ludwigshafen alarmiert. Bei kleineren Eins\u00e4tzen (Einsatzstufe 1) \u00fcbernimmt die T\u00e4tigkeit der FEZ die Feuerwehr Neustadt an der Weinstra\u00dfe, die \u00fcber eine rund um die Uhr besetzte Feuerwehreinsatzzentrale\u00a0verf\u00fcgt. Nach erfolgter Alarmbest\u00e4tigung bei der Integrierten Leitstelle Ludwigshafen \u201e\u00fcbernimmt\u201d die FEZ den Einsatz. W\u00e4hrend des laufenden Einsatzes stellt Sie die Information und Kommunikation zwischen Einsatzstelle mit anderen Stellen (Polizei, Rettungsdienst oder Beh\u00f6rden) \u00fcber Funk oder Telefon sicher und erledigt Aufgaben nach Weisung des Einsatzleiters (z.B. Nachalarmierung weiterer Kr\u00e4fte). Des Weiteren ist die FEZ f\u00fcr die Dokumentation des Einsatzes zust\u00e4ndig. &nbsp; Ausstattung: &nbsp; 2 gleichwertige PC-Arbeitspl\u00e4tze mit Funkbedienkonsole 3 Digitalfunkger\u00e4te 1 analog Funkger\u00e4t 1&hellip;<\/p>\n","protected":false},"author":2,"featured_media":0,"parent":909,"menu_order":12,"comment_status":"closed","ping_status":"closed","template":"","meta":{"footnotes":""},"class_list":["post-1706","page","type-page","status-publish","hentry"],"better_featured_image":null,"_links":{"self":[{"href":"https:\/\/feuerwehr-vglambrecht.de\/cms\/wp-json\/wp\/v2\/pages\/1706","targetHints":{"allow":["GET"]}}],"collection":[{"href":"https:\/\/feuerwehr-vglambrecht.de\/cms\/wp-json\/wp\/v2\/pages"}],"about":[{"href":"https:\/\/feuerwehr-vglambrecht.de\/cms\/wp-json\/wp\/v2\/types\/page"}],"author":[{"embeddable":true,"href":"https:\/\/feuerwehr-vglambrecht.de\/cms\/wp-json\/wp\/v2\/users\/2"}],"replies":[{"embeddable":true,"href":"https:\/\/feuerwehr-vglambrecht.de\/cms\/wp-json\/wp\/v2\/comments?post=1706"}],"version-history":[{"count":4,"href":"https:\/\/feuerwehr-vglambrecht.de\/cms\/wp-json\/wp\/v2\/pages\/1706\/revisions"}],"predecessor-version":[{"id":11314,"href":"https:\/\/feuerwehr-vglambrecht.de\/cms\/wp-json\/wp\/v2\/pages\/1706\/revisions\/11314"}],"up":[{"embeddable":true,"href":"https:\/\/feuerwehr-vglambrecht.de\/cms\/wp-json\/wp\/v2\/pages\/909"}],"wp:attachment":[{"href":"https:\/\/feuerwehr-vglambrecht.de\/cms\/wp-json\/wp\/v2\/media?parent=1706"}],"curies":[{"name":"wp","href":"https:\/\/api.w.org\/{rel}","templated":true}]}}