{"id":1233,"date":"2015-12-04T19:13:31","date_gmt":"2015-12-04T18:13:31","guid":{"rendered":"http:\/\/feuerwehr-vglambrecht.de\/cms\/?page_id=1233"},"modified":"2016-09-23T12:49:22","modified_gmt":"2016-09-23T10:49:22","slug":"ueber-uns","status":"publish","type":"page","link":"https:\/\/feuerwehr-vglambrecht.de\/cms\/einheiten\/hoehensicherung\/ueber-uns\/","title":{"rendered":"\u00dcber uns"},"content":{"rendered":"<p style=\"text-align: justify;\">Die Sondereinheit \u201eH\u00f6hensicherungsgruppe\u201c wurde im Jahr 2015 ins Leben gerufen und im September 2016 in Dienst gestellt.<\/p>\n<p style=\"text-align: justify;\">Momentan geh\u00f6ren dieser Einheit 15 M\u00e4nner und Frauen aus den verschiedenen Ortswehren der Feuerwehr VG Lambrecht an, welche sich einmal im Monat zu einer gemeinsamen \u00dcbung treffen. Die Ausr\u00fcstung selbst wird von der Einheit Lindenberg betreut und wird dort bei Bedarf auf den Fahrzeugen verlastet. Um mit dieser Ausr\u00fcstung im Einsatz arbeiten zu d\u00fcrfen, muss ein spezieller Lehrgang (Arbeiten in absturzgef\u00e4hrdeten Bereichen) absolviert werden. Bereits 6 Kameraden konnten diesen Speziallehrgang erfolgreich abschlie\u00dfen. Weitere potentielle \u201eH\u00f6hensicherer\u201c werden im Laufe der Zeit in Wernersberg ausgebildet.<\/p>\n<p style=\"text-align: justify;\">Zust\u00e4ndig ist die H\u00f6hensicherungsgruppe f\u00fcr den kompletten Bereich der Verbandsgemeinde Lambrecht.<\/p>\n<p style=\"text-align: justify;\">Das Aufgabengebiet der H\u00f6hensicherungsgruppe umfasst die Sicherung der eigenen Einsatzkr\u00e4fte bei Arbeiten in absturzgef\u00e4hrdeten Bereichen, sowie die Sicherung oder \u201eeinfache Rettung\u201c von Personen aus H\u00f6hen und Tiefen. Bedarf es der \u201espeziellen Rettung\u201c aus H\u00f6hen und Tiefen, so muss zus\u00e4tzlich eine H\u00f6henrettungseinheit hinzugezogen werden.<\/p>\n<p style=\"text-align: justify;\">Bei Eins\u00e4tzen fahren alle Mitglieder der H\u00f6hensicherungsgruppe die Einsatzstelle im sogenannten Rendezvous-Verfahren an.<\/p>\n<p style=\"text-align: justify;\">\n<a href=\"https:\/\/feuerwehr-vglambrecht.de\/cms\/wp-content\/gallery\/hoehensicherung\/img_1488.jpg\" title=\"\" class=\"shutterset_singlepic692\" >\n\t<img decoding=\"async\" class=\"ngg-singlepic\" src=\"https:\/\/feuerwehr-vglambrecht.de\/cms\/wp-content\/gallery\/cache\/692__x_img_1488.jpg\" alt=\"img_1488\" title=\"img_1488\" \/>\n<\/a>\n<\/p>\n","protected":false},"excerpt":{"rendered":"<p>Die Sondereinheit \u201eH\u00f6hensicherungsgruppe\u201c wurde im Jahr 2015 ins Leben gerufen und im September 2016 in Dienst gestellt. Momentan geh\u00f6ren dieser Einheit 15 M\u00e4nner und Frauen aus den verschiedenen Ortswehren der Feuerwehr VG Lambrecht an, welche sich einmal im Monat zu einer gemeinsamen \u00dcbung treffen. Die Ausr\u00fcstung selbst wird von der Einheit Lindenberg betreut und wird dort bei Bedarf auf den Fahrzeugen verlastet. Um mit dieser Ausr\u00fcstung im Einsatz arbeiten zu d\u00fcrfen, muss ein spezieller Lehrgang (Arbeiten in absturzgef\u00e4hrdeten Bereichen) absolviert werden. Bereits 6 Kameraden konnten diesen Speziallehrgang erfolgreich abschlie\u00dfen. Weitere potentielle \u201eH\u00f6hensicherer\u201c werden im Laufe der Zeit in Wernersberg ausgebildet. Zust\u00e4ndig ist die H\u00f6hensicherungsgruppe f\u00fcr den kompletten Bereich der Verbandsgemeinde Lambrecht. Das Aufgabengebiet der H\u00f6hensicherungsgruppe umfasst die Sicherung der eigenen Einsatzkr\u00e4fte bei Arbeiten in absturzgef\u00e4hrdeten Bereichen, sowie die Sicherung oder \u201eeinfache Rettung\u201c von Personen aus H\u00f6hen und Tiefen. Bedarf es der \u201espeziellen Rettung\u201c aus H\u00f6hen und Tiefen, so muss zus\u00e4tzlich&hellip;<\/p>\n","protected":false},"author":2,"featured_media":0,"parent":974,"menu_order":3,"comment_status":"closed","ping_status":"closed","template":"","meta":{"footnotes":""},"class_list":["post-1233","page","type-page","status-publish","hentry"],"better_featured_image":null,"_links":{"self":[{"href":"https:\/\/feuerwehr-vglambrecht.de\/cms\/wp-json\/wp\/v2\/pages\/1233","targetHints":{"allow":["GET"]}}],"collection":[{"href":"https:\/\/feuerwehr-vglambrecht.de\/cms\/wp-json\/wp\/v2\/pages"}],"about":[{"href":"https:\/\/feuerwehr-vglambrecht.de\/cms\/wp-json\/wp\/v2\/types\/page"}],"author":[{"embeddable":true,"href":"https:\/\/feuerwehr-vglambrecht.de\/cms\/wp-json\/wp\/v2\/users\/2"}],"replies":[{"embeddable":true,"href":"https:\/\/feuerwehr-vglambrecht.de\/cms\/wp-json\/wp\/v2\/comments?post=1233"}],"version-history":[{"count":10,"href":"https:\/\/feuerwehr-vglambrecht.de\/cms\/wp-json\/wp\/v2\/pages\/1233\/revisions"}],"predecessor-version":[{"id":4714,"href":"https:\/\/feuerwehr-vglambrecht.de\/cms\/wp-json\/wp\/v2\/pages\/1233\/revisions\/4714"}],"up":[{"embeddable":true,"href":"https:\/\/feuerwehr-vglambrecht.de\/cms\/wp-json\/wp\/v2\/pages\/974"}],"wp:attachment":[{"href":"https:\/\/feuerwehr-vglambrecht.de\/cms\/wp-json\/wp\/v2\/media?parent=1233"}],"curies":[{"name":"wp","href":"https:\/\/api.w.org\/{rel}","templated":true}]}}