{"id":1227,"date":"2015-12-04T19:12:49","date_gmt":"2015-12-04T18:12:49","guid":{"rendered":"http:\/\/feuerwehr-vglambrecht.de\/cms\/?page_id=1227"},"modified":"2025-03-03T19:58:58","modified_gmt":"2025-03-03T18:58:58","slug":"ueber-uns","status":"publish","type":"page","link":"https:\/\/feuerwehr-vglambrecht.de\/cms\/weidenthal\/ueber-uns\/","title":{"rendered":"\u00dcber uns"},"content":{"rendered":"<p style=\"text-align: justify;\">Weidenthal ist eine Gemeinde, die an der B39 zwischen Neustadt an der Weinstra\u00dfe und Kaiserslautern liegt. Die Gemeindefl\u00e4che betr\u00e4gt ca. 1.450 ha und es leben etwa 1.800 Einwohner im Ort.<\/p>\n<p style=\"text-align: justify;\">Die Feuerwehr Weidenthal wurde 1879 gegr\u00fcndet und ist seit 1975 eine Einheit der Verbandsgemeinde Feuerwehr Lambrecht. Sie besteht zur Zeit aus einer Feuerwehrfrau und 19 Feuerwehrm\u00e4nnern.<\/p>\n<p style=\"text-align: justify;\">Die Wehr r\u00fcckt gemeinsam mit der Feuerwehr Neidenfels aus und bildet somit den Ausr\u00fcckebereich Nord-West der VG &#8211; Lambrecht. Alarmiert wird die Feuerwehr Weidenthal durch die Integrierte Leitstelle der BF Ludwigshafen, bzw. durch die Funk-Einsatz-Zentralen Lambrecht oder Neustadt \u00fcber digitale Funkmeldeempf\u00e4nger. Im Jahr bew\u00e4ltigt die Einheit ca. 45 Eins\u00e4tze.<\/p>\n<p style=\"text-align: justify;\">Um Br\u00e4nde, technische Unfallhilfe usw. bew\u00e4ltigen zu k\u00f6nnen, wird eine st\u00e4ndige Aus- und Weiterbildung auf Gemeinde- und Landkreisebene absolviert. Weiterf\u00fchrende und spezielle Lehrg\u00e4nge, werden an der Landesfeuerwehr und Katastrophenschutzakademie in Koblenz absolviert.<\/p>\n<p style=\"text-align: justify;\">Das Ger\u00e4tehaus der Feuerwehr Weidenthal wurde im Jahr 2003 neu erbaut und 2004 eingeweiht. Es bietet Platz f\u00fcr Fahrzeughalle mit 2 Stellpl\u00e4tzen, Umkleideraum, Sozialr\u00e4ume (Dusche, WC und K\u00fcche ) sowie einen Schulungs- und Mannschaftsraum.<\/p>\n<p style=\"text-align: justify;\">Das Einsatzgebiet der Feuerwehr Weidenthal erstreckt sich auf die Gemeinden Weidenthal und Neidenfels sowie auf Anforderung der Einsatzleitung auf weitere Ortsgemeinden innerhalb und au\u00dferhalb der Verbandsgemeinde. Im Ortsbereich Weidenthal finden sich gr\u00f6\u00dfere Gewerbebetriebe, wie\u00a0 beispielsweise eine Schreinerei mit Produktionsst\u00e4tte f\u00fcr Fensterelemente. Auch eine Grundschule sowie zwei Kindertagesst\u00e4tten befinden sich im unmittelbaren Ausr\u00fcckebereich der Feuerwehr Weidenthal. Eine Bildungs- und Freizeitst\u00e4tte mit \u00dcbernachtungsm\u00f6glichkeiten f\u00fcr 88 Personen und ein unmittelbar daran grenzendes Naturschwimmbad z\u00e4hlen ebenfalls zu Einrichtungen in der Talgemeinde. Der Gemeindewald, der die Ortschaft umgibt weist eine Gr\u00f6\u00dfe von ca. 1000 ha auf.<\/p>\n<p style=\"text-align: justify;\">Die ICE-Trasse Mannheim &#8211; Paris sowie die Hauptverkehrsstra\u00dfe B39 von Neustadt nach Kaiserslautern verlaufen mitten durch die Ortschaft.<\/p>\n<p style=\"text-align: justify;\">\n","protected":false},"excerpt":{"rendered":"<p>Weidenthal ist eine Gemeinde, die an der B39 zwischen Neustadt an der Weinstra\u00dfe und Kaiserslautern liegt. Die Gemeindefl\u00e4che betr\u00e4gt ca. 1.450 ha und es leben etwa 1.800 Einwohner im Ort. Die Feuerwehr Weidenthal wurde 1879 gegr\u00fcndet und ist seit 1975 eine Einheit der Verbandsgemeinde Feuerwehr Lambrecht. Sie besteht zur Zeit aus einer Feuerwehrfrau und 19 Feuerwehrm\u00e4nnern. Die Wehr r\u00fcckt gemeinsam mit der Feuerwehr Neidenfels aus und bildet somit den Ausr\u00fcckebereich Nord-West der VG &#8211; Lambrecht. Alarmiert wird die Feuerwehr Weidenthal durch die Integrierte Leitstelle der BF Ludwigshafen, bzw. durch die Funk-Einsatz-Zentralen Lambrecht oder Neustadt \u00fcber digitale Funkmeldeempf\u00e4nger. Im Jahr bew\u00e4ltigt die Einheit ca. 45 Eins\u00e4tze. Um Br\u00e4nde, technische Unfallhilfe usw. bew\u00e4ltigen zu k\u00f6nnen, wird eine st\u00e4ndige Aus- und Weiterbildung auf Gemeinde- und Landkreisebene absolviert. Weiterf\u00fchrende und spezielle Lehrg\u00e4nge, werden an der Landesfeuerwehr und Katastrophenschutzakademie in Koblenz absolviert. Das Ger\u00e4tehaus der Feuerwehr Weidenthal wurde im Jahr 2003 neu erbaut und 2004&hellip;<\/p>\n","protected":false},"author":2,"featured_media":0,"parent":962,"menu_order":3,"comment_status":"closed","ping_status":"closed","template":"","meta":{"footnotes":""},"class_list":["post-1227","page","type-page","status-publish","hentry"],"better_featured_image":null,"_links":{"self":[{"href":"https:\/\/feuerwehr-vglambrecht.de\/cms\/wp-json\/wp\/v2\/pages\/1227","targetHints":{"allow":["GET"]}}],"collection":[{"href":"https:\/\/feuerwehr-vglambrecht.de\/cms\/wp-json\/wp\/v2\/pages"}],"about":[{"href":"https:\/\/feuerwehr-vglambrecht.de\/cms\/wp-json\/wp\/v2\/types\/page"}],"author":[{"embeddable":true,"href":"https:\/\/feuerwehr-vglambrecht.de\/cms\/wp-json\/wp\/v2\/users\/2"}],"replies":[{"embeddable":true,"href":"https:\/\/feuerwehr-vglambrecht.de\/cms\/wp-json\/wp\/v2\/comments?post=1227"}],"version-history":[{"count":8,"href":"https:\/\/feuerwehr-vglambrecht.de\/cms\/wp-json\/wp\/v2\/pages\/1227\/revisions"}],"predecessor-version":[{"id":13638,"href":"https:\/\/feuerwehr-vglambrecht.de\/cms\/wp-json\/wp\/v2\/pages\/1227\/revisions\/13638"}],"up":[{"embeddable":true,"href":"https:\/\/feuerwehr-vglambrecht.de\/cms\/wp-json\/wp\/v2\/pages\/962"}],"wp:attachment":[{"href":"https:\/\/feuerwehr-vglambrecht.de\/cms\/wp-json\/wp\/v2\/media?parent=1227"}],"curies":[{"name":"wp","href":"https:\/\/api.w.org\/{rel}","templated":true}]}}