{"id":1215,"date":"2015-12-04T19:10:57","date_gmt":"2015-12-04T18:10:57","guid":{"rendered":"http:\/\/feuerwehr-vglambrecht.de\/cms\/?page_id=1215"},"modified":"2023-06-14T10:46:35","modified_gmt":"2023-06-14T08:46:35","slug":"ueber-uns","status":"publish","type":"page","link":"https:\/\/feuerwehr-vglambrecht.de\/cms\/einheiten\/presseteam\/ueber-uns\/","title":{"rendered":"\u00dcber uns"},"content":{"rendered":"<p style=\"text-align: justify;\">Das Presseteam der Feuerwehr VG Lambrecht wurde im Februar\u00a02015 gegr\u00fcndet und umfasst derzeit 5 Mitglieder. Es ist f\u00fcr die Presse- und \u00d6ffentlichkeitsarbeit innerhalb der Feuerwehr zust\u00e4ndig.<\/p>\n<p style=\"text-align: justify;\">Die Hauptaufgabe besteht in der Betreuung der Pressevertreter bei Eins\u00e4tzen vor Ort. In Zeiten neuer Medien \u00fcbernimmt das Presseteam auch die Erstellung und Pflege dieser Homepage, sowie die Informationsweitergabe an die regionale Presse\u00a0und die Weitergabe\u00a0\u00fcber soziale Medien wie z.B. auf Facebook. Das Presseteam steht w\u00e4hrend und nach Eins\u00e4tzen f\u00fcr Fragen rund um das Thema\u00a0Feuerwehr den Medien zur Verf\u00fcgung.<\/p>\n<p style=\"text-align: justify;\">Bei Fragen k\u00f6nnen Sie uns gerne unter\u00a0presseteam(at)feuerwehr-vglambrecht.de eine eMail senden.<\/p>\n\n<a href=\"https:\/\/feuerwehr-vglambrecht.de\/cms\/wp-content\/gallery\/teambild_presseteam\/dscf7214.jpg\" title=\"\" class=\"shutterset_singlepic2425\" >\n\t<img decoding=\"async\" class=\"ngg-singlepic\" src=\"https:\/\/feuerwehr-vglambrecht.de\/cms\/wp-content\/gallery\/cache\/2425__650x450_dscf7214.jpg\" alt=\"dscf7214\" title=\"dscf7214\" \/>\n<\/a>\n\n<p>&nbsp;<\/p>\n<p style=\"text-align: center;\">v.l.n.r.: Sven Wolf, Andreas Kaiser, Andr\u00e9 Fa\u00dfbender, Bj\u00f6rn B\u00fcrger, Felix Heller<\/p>\n<p style=\"text-align: justify;\">\n","protected":false},"excerpt":{"rendered":"<p>Das Presseteam der Feuerwehr VG Lambrecht wurde im Februar\u00a02015 gegr\u00fcndet und umfasst derzeit 5 Mitglieder. Es ist f\u00fcr die Presse- und \u00d6ffentlichkeitsarbeit innerhalb der Feuerwehr zust\u00e4ndig. Die Hauptaufgabe besteht in der Betreuung der Pressevertreter bei Eins\u00e4tzen vor Ort. In Zeiten neuer Medien \u00fcbernimmt das Presseteam auch die Erstellung und Pflege dieser Homepage, sowie die Informationsweitergabe an die regionale Presse\u00a0und die Weitergabe\u00a0\u00fcber soziale Medien wie z.B. auf Facebook. Das Presseteam steht w\u00e4hrend und nach Eins\u00e4tzen f\u00fcr Fragen rund um das Thema\u00a0Feuerwehr den Medien zur Verf\u00fcgung. Bei Fragen k\u00f6nnen Sie uns gerne unter\u00a0presseteam(at)feuerwehr-vglambrecht.de eine eMail senden. &nbsp; v.l.n.r.: Sven Wolf, Andreas Kaiser, Andr\u00e9 Fa\u00dfbender, Bj\u00f6rn B\u00fcrger, Felix Heller<\/p>\n","protected":false},"author":2,"featured_media":0,"parent":970,"menu_order":3,"comment_status":"closed","ping_status":"closed","template":"","meta":{"footnotes":""},"class_list":["post-1215","page","type-page","status-publish","hentry"],"better_featured_image":null,"_links":{"self":[{"href":"https:\/\/feuerwehr-vglambrecht.de\/cms\/wp-json\/wp\/v2\/pages\/1215","targetHints":{"allow":["GET"]}}],"collection":[{"href":"https:\/\/feuerwehr-vglambrecht.de\/cms\/wp-json\/wp\/v2\/pages"}],"about":[{"href":"https:\/\/feuerwehr-vglambrecht.de\/cms\/wp-json\/wp\/v2\/types\/page"}],"author":[{"embeddable":true,"href":"https:\/\/feuerwehr-vglambrecht.de\/cms\/wp-json\/wp\/v2\/users\/2"}],"replies":[{"embeddable":true,"href":"https:\/\/feuerwehr-vglambrecht.de\/cms\/wp-json\/wp\/v2\/comments?post=1215"}],"version-history":[{"count":10,"href":"https:\/\/feuerwehr-vglambrecht.de\/cms\/wp-json\/wp\/v2\/pages\/1215\/revisions"}],"predecessor-version":[{"id":11633,"href":"https:\/\/feuerwehr-vglambrecht.de\/cms\/wp-json\/wp\/v2\/pages\/1215\/revisions\/11633"}],"up":[{"embeddable":true,"href":"https:\/\/feuerwehr-vglambrecht.de\/cms\/wp-json\/wp\/v2\/pages\/970"}],"wp:attachment":[{"href":"https:\/\/feuerwehr-vglambrecht.de\/cms\/wp-json\/wp\/v2\/media?parent=1215"}],"curies":[{"name":"wp","href":"https:\/\/api.w.org\/{rel}","templated":true}]}}