{"id":1197,"date":"2015-12-04T19:08:09","date_gmt":"2015-12-04T18:08:09","guid":{"rendered":"http:\/\/feuerwehr-vglambrecht.de\/cms\/?page_id=1197"},"modified":"2018-03-05T16:21:08","modified_gmt":"2018-03-05T15:21:08","slug":"ueber-uns","status":"publish","type":"page","link":"https:\/\/feuerwehr-vglambrecht.de\/cms\/einheiten\/lambrecht\/ueber-uns\/","title":{"rendered":"\u00dcber uns"},"content":{"rendered":"<p style=\"text-align: justify;\">Lambrecht liegt in mitten des Pf\u00e4lzer Waldes zwischen Neustadt an der Weinstra\u00dfe und Kaiserslautern. Die Stadt Lambrecht ist die \u00e4lteste Siedlung im Bereich der Verbandsgemeinde Lambrecht. Im Jahre 977 wird Lambrecht zum ersten Mal Urkundlich erw\u00e4hnt.\u00a0 Im Dezember 1887 sind Lambrecht die Stadtrechte gew\u00e4hrt worden. Zur Zeit z\u00e4hlt Lambrecht ca. 4300 Einwohner.<\/p>\n<p style=\"text-align: justify;\">Die Freiwillige \u00a0Feuerwehr Lambrecht wurde im Jahre 1869 gegr\u00fcndet.<\/p>\n<p style=\"text-align: justify;\">Das Ger\u00e4tehaus der Feuerwehr Lambrecht wurde im Jahre 1987 am jetzigen Standort erbaut. Mit seinen 9 Stellpl\u00e4tzen, 1 Werkstatthalle, 1 Waschhalle, Umkleideraum,\u00a0 Sozialr\u00e4ume und dem Schulungsraum, in dem fast 200 Personen platz finden, ist das Geb\u00e4ude das gr\u00f6\u00dfte Feuerwehrger\u00e4tehaus in der VG Lambrecht.<\/p>\n<p style=\"text-align: justify;\">Zusammen mit der Feuerwehr Lindenberg bildet die Feuerwehr Lambrecht den Ausr\u00fcckebereich Ost der Verbandsgemeinde Lambrecht. Im Einsatzgebiet der Feuerwehr Lambrecht gibt es mehrere Industriebetriebe, mehrere \u00dcbernachtungsm\u00f6glichkeiten, eine Bildungs- und Schulungsst\u00e4tte, ein Seniorenheim, drei Kindertagesst\u00e4tten, eine Grundschule, eine Realschule Plus sowie die stark befahrenen B39 und die Bahnstrecke Neustadt an der Weinstra\u00dfe &#8211; Kaiserslautern.<\/p>\n<p style=\"text-align: justify;\">Die Feuerwehr Lambrecht wird bei jedem Einsatz in der Verbandsgemeinde Lambrecht ab der Stufe 2 alarmiert. Im Jahr muss die Wehr zu\u00a0 70 bis 90 Eins\u00e4tzen ausr\u00fccken.<\/p>\n<p style=\"text-align: justify;\">\n","protected":false},"excerpt":{"rendered":"<p>Lambrecht liegt in mitten des Pf\u00e4lzer Waldes zwischen Neustadt an der Weinstra\u00dfe und Kaiserslautern. Die Stadt Lambrecht ist die \u00e4lteste Siedlung im Bereich der Verbandsgemeinde Lambrecht. Im Jahre 977 wird Lambrecht zum ersten Mal Urkundlich erw\u00e4hnt.\u00a0 Im Dezember 1887 sind Lambrecht die Stadtrechte gew\u00e4hrt worden. Zur Zeit z\u00e4hlt Lambrecht ca. 4300 Einwohner. Die Freiwillige \u00a0Feuerwehr Lambrecht wurde im Jahre 1869 gegr\u00fcndet. Das Ger\u00e4tehaus der Feuerwehr Lambrecht wurde im Jahre 1987 am jetzigen Standort erbaut. Mit seinen 9 Stellpl\u00e4tzen, 1 Werkstatthalle, 1 Waschhalle, Umkleideraum,\u00a0 Sozialr\u00e4ume und dem Schulungsraum, in dem fast 200 Personen platz finden, ist das Geb\u00e4ude das gr\u00f6\u00dfte Feuerwehrger\u00e4tehaus in der VG Lambrecht. Zusammen mit der Feuerwehr Lindenberg bildet die Feuerwehr Lambrecht den Ausr\u00fcckebereich Ost der Verbandsgemeinde Lambrecht. Im Einsatzgebiet der Feuerwehr Lambrecht gibt es mehrere Industriebetriebe, mehrere \u00dcbernachtungsm\u00f6glichkeiten, eine Bildungs- und Schulungsst\u00e4tte, ein Seniorenheim, drei Kindertagesst\u00e4tten, eine Grundschule, eine Realschule Plus sowie die stark befahrenen B39 und die&hellip;<\/p>\n","protected":false},"author":2,"featured_media":0,"parent":936,"menu_order":5,"comment_status":"closed","ping_status":"closed","template":"","meta":{"footnotes":""},"class_list":["post-1197","page","type-page","status-publish","hentry"],"better_featured_image":null,"_links":{"self":[{"href":"https:\/\/feuerwehr-vglambrecht.de\/cms\/wp-json\/wp\/v2\/pages\/1197","targetHints":{"allow":["GET"]}}],"collection":[{"href":"https:\/\/feuerwehr-vglambrecht.de\/cms\/wp-json\/wp\/v2\/pages"}],"about":[{"href":"https:\/\/feuerwehr-vglambrecht.de\/cms\/wp-json\/wp\/v2\/types\/page"}],"author":[{"embeddable":true,"href":"https:\/\/feuerwehr-vglambrecht.de\/cms\/wp-json\/wp\/v2\/users\/2"}],"replies":[{"embeddable":true,"href":"https:\/\/feuerwehr-vglambrecht.de\/cms\/wp-json\/wp\/v2\/comments?post=1197"}],"version-history":[{"count":6,"href":"https:\/\/feuerwehr-vglambrecht.de\/cms\/wp-json\/wp\/v2\/pages\/1197\/revisions"}],"predecessor-version":[{"id":6512,"href":"https:\/\/feuerwehr-vglambrecht.de\/cms\/wp-json\/wp\/v2\/pages\/1197\/revisions\/6512"}],"up":[{"embeddable":true,"href":"https:\/\/feuerwehr-vglambrecht.de\/cms\/wp-json\/wp\/v2\/pages\/936"}],"wp:attachment":[{"href":"https:\/\/feuerwehr-vglambrecht.de\/cms\/wp-json\/wp\/v2\/media?parent=1197"}],"curies":[{"name":"wp","href":"https:\/\/api.w.org\/{rel}","templated":true}]}}