{"id":11605,"date":"2023-06-13T10:18:39","date_gmt":"2023-06-13T08:18:39","guid":{"rendered":"https:\/\/feuerwehr-vglambrecht.de\/cms\/?page_id=11605"},"modified":"2024-03-29T09:29:48","modified_gmt":"2024-03-29T08:29:48","slug":"facheinheit-wald-und-vegetationsbrandbekaempfung","status":"publish","type":"page","link":"https:\/\/feuerwehr-vglambrecht.de\/cms\/facheinheit-wald-und-vegetationsbrandbekaempfung\/","title":{"rendered":"Facheinheit Vegetationsbrandbek\u00e4mpfung"},"content":{"rendered":"<h3 style=\"text-align: center;\"><span style=\"text-decoration: underline;\">Herzlich Willkommen bei der Facheinheit f\u00fcr Vegetationsbrandbek\u00e4mpfung<\/span><\/h3>\n<p>&nbsp;<\/p>\n<p style=\"text-align: center;\">\n<a href=\"https:\/\/feuerwehr-vglambrecht.de\/cms\/wp-content\/gallery\/waldbrandzug\/logo_waldbrandzug.jpg\" title=\"\" class=\"shutterset_singlepic2427\" >\n\t<img decoding=\"async\" class=\"ngg-singlepic\" src=\"https:\/\/feuerwehr-vglambrecht.de\/cms\/wp-content\/gallery\/cache\/2427__x_logo_waldbrandzug.jpg\" alt=\"logo_waldbrandzug\" title=\"logo_waldbrandzug\" \/>\n<\/a>\n<\/p>\n<p style=\"text-align: center;\"><span style=\"text-decoration: underline;\"><strong>Kontakt:<\/strong><\/span><\/p>\n<p>&nbsp;<\/p>\n<p style=\"text-align: center;\"><strong>komm. Zugf\u00fchrer: \u00a0Jonas Repp<\/strong><\/p>\n<p style=\"text-align: center;\"><strong>stellv. Zugf\u00fchrer: Sascha Burkhard<\/strong><\/p>\n<p>&nbsp;<\/p>\n<p style=\"text-align: center;\"><strong>waldbrandzug@feuerwehr-vglambrecht.de<\/strong><\/p>\n<p style=\"text-align: center;\">\n","protected":false},"excerpt":{"rendered":"<p>Herzlich Willkommen bei der Facheinheit f\u00fcr Vegetationsbrandbek\u00e4mpfung &nbsp; Kontakt: &nbsp; komm. Zugf\u00fchrer: \u00a0Jonas Repp stellv. Zugf\u00fchrer: Sascha Burkhard &nbsp; waldbrandzug@feuerwehr-vglambrecht.de<\/p>\n","protected":false},"author":17,"featured_media":0,"parent":0,"menu_order":15,"comment_status":"closed","ping_status":"closed","template":"","meta":{"footnotes":""},"class_list":["post-11605","page","type-page","status-publish","hentry"],"better_featured_image":null,"_links":{"self":[{"href":"https:\/\/feuerwehr-vglambrecht.de\/cms\/wp-json\/wp\/v2\/pages\/11605","targetHints":{"allow":["GET"]}}],"collection":[{"href":"https:\/\/feuerwehr-vglambrecht.de\/cms\/wp-json\/wp\/v2\/pages"}],"about":[{"href":"https:\/\/feuerwehr-vglambrecht.de\/cms\/wp-json\/wp\/v2\/types\/page"}],"author":[{"embeddable":true,"href":"https:\/\/feuerwehr-vglambrecht.de\/cms\/wp-json\/wp\/v2\/users\/17"}],"replies":[{"embeddable":true,"href":"https:\/\/feuerwehr-vglambrecht.de\/cms\/wp-json\/wp\/v2\/comments?post=11605"}],"version-history":[{"count":8,"href":"https:\/\/feuerwehr-vglambrecht.de\/cms\/wp-json\/wp\/v2\/pages\/11605\/revisions"}],"predecessor-version":[{"id":12526,"href":"https:\/\/feuerwehr-vglambrecht.de\/cms\/wp-json\/wp\/v2\/pages\/11605\/revisions\/12526"}],"wp:attachment":[{"href":"https:\/\/feuerwehr-vglambrecht.de\/cms\/wp-json\/wp\/v2\/media?parent=11605"}],"curies":[{"name":"wp","href":"https:\/\/api.w.org\/{rel}","templated":true}]}}